{"id":7224,"date":"2025-09-02T10:35:57","date_gmt":"2025-09-02T08:35:57","guid":{"rendered":"https:\/\/www.biomediqa.com\/modelo-de-irm\/"},"modified":"2026-03-30T09:32:13","modified_gmt":"2026-03-30T07:32:13","slug":"modelo-de-irm","status":"publish","type":"page","link":"https:\/\/www.biomediqa.com\/es\/modelo-de-irm\/","title":{"rendered":"Modelo de IRM"},"content":{"rendered":"[vc_row type=\u00bbfull_width_background\u00bb full_screen_row_position=\u00bbmiddle\u00bb column_margin=\u00bbdefault\u00bb column_direction=\u00bbdefault\u00bb column_direction_tablet=\u00bbdefault\u00bb column_direction_phone=\u00bbdefault\u00bb bg_color=\u00bb#454156&#8243; bg_image=\u00bb6393&#8243; bg_position=\u00bbcenter top\u00bb background_image_loading=\u00bbdefault\u00bb bg_repeat=\u00bbno-repeat\u00bb scene_position=\u00bbcenter\u00bb top_padding=\u00bb9%\u00bb bottom_padding=\u00bb9%\u00bb text_color=\u00bblight\u00bb text_align=\u00bbleft\u00bb row_border_radius=\u00bbnone\u00bb row_border_radius_applies=\u00bbbg\u00bb overflow=\u00bbvisible\u00bb id=\u00bbintro\u00bb row_name=\u00bbIntro\u00bb color_overlay=\u00bb#0a0a0a\u00bb overlay_strength=\u00bb0.5&#8243; gradient_direction=\u00bbleft_to_right\u00bb shape_divider_position=\u00bbbottom\u00bb bg_image_animation=\u00bbnone\u00bb gradient_type=\u00bbdefault\u00bb shape_type=\u00bb\u00bb][vc_column column_padding=\u00bbpadding-6-percent\u00bb column_padding_tablet=\u00bbinherit\u00bb column_padding_phone=\u00bbinherit\u00bb column_padding_position=\u00bball\u00bb column_element_direction_desktop=\u00bbdefault\u00bb column_element_spacing=\u00bbdefault\u00bb centered_text=\u00bbtrue\u00bb desktop_text_alignment=\u00bbdefault\u00bb tablet_text_alignment=\u00bbdefault\u00bb phone_text_alignment=\u00bbdefault\u00bb background_color_opacity=\u00bb1&#8243; background_hover_color_opacity=\u00bb1&#8243; column_backdrop_filter=\u00bbnone\u00bb column_shadow=\u00bbnone\u00bb column_border_radius=\u00bbnone\u00bb column_link_target=\u00bb_self\u00bb column_position=\u00bbdefault\u00bb gradient_direction=\u00bbleft_to_right\u00bb overlay_strength=\u00bb0.3&#8243; width=\u00bb1\/1&#8243; tablet_width_inherit=\u00bbdefault\u00bb animation_type=\u00bbdefault\u00bb bg_image_animation=\u00bbnone\u00bb border_type=\u00bbsimple\u00bb column_border_width=\u00bbnone\u00bb column_border_style=\u00bbsolid\u00bb][vc_row_inner column_margin=\u00bbdefault\u00bb column_direction=\u00bbdefault\u00bb column_direction_tablet=\u00bbdefault\u00bb column_direction_phone=\u00bbdefault\u00bb text_align=\u00bbleft\u00bb row_position=\u00bbdefault\u00bb row_position_tablet=\u00bbinherit\u00bb row_position_phone=\u00bbinherit\u00bb overflow=\u00bbvisible\u00bb pointer_events=\u00bball\u00bb][vc_column_inner column_padding=\u00bbno-extra-padding\u00bb column_padding_tablet=\u00bbinherit\u00bb column_padding_phone=\u00bbinherit\u00bb column_padding_position=\u00bball\u00bb column_element_direction_desktop=\u00bbdefault\u00bb column_element_spacing=\u00bbdefault\u00bb desktop_text_alignment=\u00bbdefault\u00bb tablet_text_alignment=\u00bbdefault\u00bb phone_text_alignment=\u00bbdefault\u00bb background_color_opacity=\u00bb1&#8243; background_hover_color_opacity=\u00bb1&#8243; column_backdrop_filter=\u00bbnone\u00bb column_shadow=\u00bbnone\u00bb column_border_radius=\u00bbnone\u00bb column_link_target=\u00bb_self\u00bb overflow=\u00bbvisible\u00bb gradient_direction=\u00bbleft_to_right\u00bb overlay_strength=\u00bb0.3&#8243; width=\u00bb1\/1&#8243; tablet_width_inherit=\u00bbdefault\u00bb animation_type=\u00bbdefault\u00bb enable_animation=\u00bbtrue\u00bb animation=\u00bbfade-in-from-bottom\u00bb animation_easing=\u00bbdefault\u00bb bg_image_animation=\u00bbnone\u00bb border_type=\u00bbsimple\u00bb column_border_width=\u00bbnone\u00bb column_border_style=\u00bbsolid\u00bb][vc_column_text css=\u00bb\u00bb max_width=\u00bb1000&#8243; text_direction=\u00bbdefault\u00bb]\n<h1><span data-olk-copy-source=\"MessageBody\">Recibe gratuitamente nuestra hoja de informaci\u00f3n pr\u00e1ctica para acompa\u00f1ar tus ex\u00e1menes de resonancia magn\u00e9tica.<\/span><\/h1>\n<h4><span data-olk-copy-source=\"MessageBody\">Ayuda a los profesionales sanitarios a estructurar cada etapa del proceso, garantizar que se desarrolle sin problemas y tranquilizar a los pacientes.<\/span><\/h4>\n<h4>Optimiza la calidad de tus cuidados gracias a buenas pr\u00e1cticas, instrucciones de seguridad y recomendaciones claras.<\/h4>\n[\/vc_column_text][\/vc_column_inner][\/vc_row_inner][vc_row_inner column_margin=\u00bbdefault\u00bb column_direction=\u00bbdefault\u00bb column_direction_tablet=\u00bbdefault\u00bb column_direction_phone=\u00bbdefault\u00bb text_align=\u00bbleft\u00bb row_position=\u00bbdefault\u00bb row_position_tablet=\u00bbinherit\u00bb row_position_phone=\u00bbinherit\u00bb overflow=\u00bbvisible\u00bb pointer_events=\u00bball\u00bb][vc_column_inner column_padding=\u00bbpadding-4-percent\u00bb column_padding_tablet=\u00bbinherit\u00bb column_padding_phone=\u00bbinherit\u00bb column_padding_position=\u00bball\u00bb column_element_direction_desktop=\u00bbdefault\u00bb column_element_spacing=\u00bbdefault\u00bb desktop_text_alignment=\u00bbdefault\u00bb tablet_text_alignment=\u00bbdefault\u00bb phone_text_alignment=\u00bbdefault\u00bb background_color_opacity=\u00bb1&#8243; background_hover_color_opacity=\u00bb1&#8243; column_backdrop_filter=\u00bbnone\u00bb column_shadow=\u00bbnone\u00bb column_border_radius=\u00bbnone\u00bb column_link_target=\u00bb_self\u00bb overflow=\u00bbvisible\u00bb gradient_direction=\u00bbleft_to_right\u00bb overlay_strength=\u00bb0.3&#8243; width=\u00bb1\/1&#8243; tablet_width_inherit=\u00bbdefault\u00bb animation_type=\u00bbdefault\u00bb enable_animation=\u00bbtrue\u00bb animation=\u00bbfade-in-from-bottom\u00bb animation_easing=\u00bbdefault\u00bb bg_image_animation=\u00bbnone\u00bb border_type=\u00bbsimple\u00bb column_border_width=\u00bbnone\u00bb column_border_style=\u00bbsolid\u00bb delay=\u00bb200&#8243;][nectar_btn size=\u00bbjumbo\u00bb button_style=\u00bbregular\u00bb button_color_2=\u00bbAccent-Color\u00bb color_override=\u00bb#0088ff\u00bb icon_family=\u00bbnone\u00bb url=\u00bbhttps:\/\/www.biomediqa.com\/es\/formulario-modelo-irm\/\u00bb text=\u00bb\ud83d\udce5 Descarga tu ficha pr\u00e1ctica de IRM\u00bb][\/vc_column_inner][\/vc_row_inner][\/vc_column][\/vc_row]\n","protected":false},"excerpt":{"rendered":"<p>[vc_row type=\u00bbfull_width_background\u00bb full_screen_row_position=\u00bbmiddle\u00bb column_margin=\u00bbdefault\u00bb column_direction=\u00bbdefault\u00bb column_direction_tablet=\u00bbdefault\u00bb column_direction_phone=\u00bbdefault\u00bb bg_color=\u00bb#454156&#8243; bg_image=\u00bb6393&#8243; bg_position=\u00bbcenter top\u00bb background_image_loading=\u00bbdefault\u00bb bg_repeat=\u00bbno-repeat\u00bb scene_position=\u00bbcenter\u00bb top_padding=\u00bb9%\u00bb bottom_padding=\u00bb9%\u00bb text_color=\u00bblight\u00bb text_align=\u00bbleft\u00bb row_border_radius=\u00bbnone\u00bb row_border_radius_applies=\u00bbbg\u00bb overflow=\u00bbvisible\u00bb id=\u00bbintro\u00bb row_name=\u00bbIntro\u00bb color_overlay=\u00bb#0a0a0a\u00bb overlay_strength=\u00bb0.5&#8243; gradient_direction=\u00bbleft_to_right\u00bb shape_divider_position=\u00bbbottom\u00bb bg_image_animation=\u00bbnone\u00bb gradient_type=\u00bbdefault\u00bb shape_type=\u00bb\u00bb][vc_column&#8230;<\/p>\n","protected":false},"author":10,"featured_media":6396,"parent":0,"menu_order":0,"comment_status":"closed","ping_status":"closed","template":"","meta":{"footnotes":""},"class_list":["post-7224","page","type-page","status-publish","has-post-thumbnail"],"yoast_head":"<!-- This site is optimized with the Yoast SEO plugin v27.4 - https:\/\/yoast.com\/product\/yoast-seo-wordpress\/ -->\n<title>Modelo de IRM - BIOMEDIQA GROUPE<\/title>\n<meta name=\"description\" content=\"Maqueta de resonancia magn\u00e9tica: Optimiza la calidad de la atenci\u00f3n a tus pacientes gracias a las buenas pr\u00e1cticas, las instrucciones de seguridad y las recomendaciones claras.\" \/>\n<meta name=\"robots\" content=\"index, follow, max-snippet:-1, max-image-preview:large, max-video-preview:-1\" \/>\n<link rel=\"canonical\" href=\"https:\/\/www.biomediqa.com\/es\/modelo-de-irm\/\" \/>\n<meta property=\"og:locale\" content=\"es_ES\" \/>\n<meta property=\"og:type\" content=\"article\" \/>\n<meta property=\"og:title\" content=\"Modelo de IRM - BIOMEDIQA GROUPE\" \/>\n<meta property=\"og:description\" content=\"Maqueta de resonancia magn\u00e9tica: Optimiza la calidad de la atenci\u00f3n a tus pacientes gracias a las buenas pr\u00e1cticas, las instrucciones de seguridad y las recomendaciones claras.\" \/>\n<meta property=\"og:url\" content=\"https:\/\/www.biomediqa.com\/es\/modelo-de-irm\/\" \/>\n<meta property=\"og:site_name\" content=\"BIOMEDIQA GROUPE\" \/>\n<meta property=\"article:publisher\" content=\"https:\/\/www.linkedin.com\/company\/biomediqa-groupe\" \/>\n<meta property=\"article:modified_time\" content=\"2026-03-30T07:32:13+00:00\" \/>\n<meta property=\"og:image\" content=\"https:\/\/www.biomediqa.com\/wp-content\/uploads\/2025\/09\/BMQ-IRM1.png\" \/>\n\t<meta property=\"og:image:width\" content=\"1920\" \/>\n\t<meta property=\"og:image:height\" content=\"1080\" \/>\n\t<meta property=\"og:image:type\" content=\"image\/png\" \/>\n<meta name=\"twitter:card\" content=\"summary_large_image\" \/>\n<meta name=\"twitter:label1\" content=\"Tiempo de lectura\" \/>\n\t<meta name=\"twitter:data1\" content=\"3 minutos\" \/>\n<script type=\"application\/ld+json\" class=\"yoast-schema-graph\">{\"@context\":\"https:\\\/\\\/schema.org\",\"@graph\":[{\"@type\":\"WebPage\",\"@id\":\"https:\\\/\\\/www.biomediqa.com\\\/es\\\/modelo-de-irm\\\/\",\"url\":\"https:\\\/\\\/www.biomediqa.com\\\/es\\\/modelo-de-irm\\\/\",\"name\":\"Modelo de IRM - BIOMEDIQA GROUPE\",\"isPartOf\":{\"@id\":\"https:\\\/\\\/www.biomediqa.com\\\/#website\"},\"primaryImageOfPage\":{\"@id\":\"https:\\\/\\\/www.biomediqa.com\\\/es\\\/modelo-de-irm\\\/#primaryimage\"},\"image\":{\"@id\":\"https:\\\/\\\/www.biomediqa.com\\\/es\\\/modelo-de-irm\\\/#primaryimage\"},\"thumbnailUrl\":\"https:\\\/\\\/www.biomediqa.com\\\/wp-content\\\/uploads\\\/2025\\\/09\\\/BMQ-IRM1.png\",\"datePublished\":\"2025-09-02T08:35:57+00:00\",\"dateModified\":\"2026-03-30T07:32:13+00:00\",\"description\":\"Maqueta de resonancia magn\u00e9tica: Optimiza la calidad de la atenci\u00f3n a tus pacientes gracias a las buenas pr\u00e1cticas, las instrucciones de seguridad y las recomendaciones claras.\",\"breadcrumb\":{\"@id\":\"https:\\\/\\\/www.biomediqa.com\\\/es\\\/modelo-de-irm\\\/#breadcrumb\"},\"inLanguage\":\"es\",\"potentialAction\":[{\"@type\":\"ReadAction\",\"target\":[\"https:\\\/\\\/www.biomediqa.com\\\/es\\\/modelo-de-irm\\\/\"]}]},{\"@type\":\"ImageObject\",\"inLanguage\":\"es\",\"@id\":\"https:\\\/\\\/www.biomediqa.com\\\/es\\\/modelo-de-irm\\\/#primaryimage\",\"url\":\"https:\\\/\\\/www.biomediqa.com\\\/wp-content\\\/uploads\\\/2025\\\/09\\\/BMQ-IRM1.png\",\"contentUrl\":\"https:\\\/\\\/www.biomediqa.com\\\/wp-content\\\/uploads\\\/2025\\\/09\\\/BMQ-IRM1.png\",\"width\":1920,\"height\":1080},{\"@type\":\"BreadcrumbList\",\"@id\":\"https:\\\/\\\/www.biomediqa.com\\\/es\\\/modelo-de-irm\\\/#breadcrumb\",\"itemListElement\":[{\"@type\":\"ListItem\",\"position\":1,\"name\":\"Accueil\",\"item\":\"https:\\\/\\\/www.biomediqa.com\\\/es\\\/bienvenido\\\/\"},{\"@type\":\"ListItem\",\"position\":2,\"name\":\"Modelo de IRM\"}]},{\"@type\":\"WebSite\",\"@id\":\"https:\\\/\\\/www.biomediqa.com\\\/#website\",\"url\":\"https:\\\/\\\/www.biomediqa.com\\\/\",\"name\":\"BIOMEDIQA GROUPE\",\"description\":\"L&#039;innovation au service de la physique m\u00e9dicale et de la radioprotection\",\"publisher\":{\"@id\":\"https:\\\/\\\/www.biomediqa.com\\\/#organization\"},\"alternateName\":\"Leader en Radioprotection, Physique M\u00e9dicale et Contr\u00f4le de Qualit\u00e9 Interne.\",\"potentialAction\":[{\"@type\":\"SearchAction\",\"target\":{\"@type\":\"EntryPoint\",\"urlTemplate\":\"https:\\\/\\\/www.biomediqa.com\\\/?s={search_term_string}\"},\"query-input\":{\"@type\":\"PropertyValueSpecification\",\"valueRequired\":true,\"valueName\":\"search_term_string\"}}],\"inLanguage\":\"es\"},{\"@type\":\"Organization\",\"@id\":\"https:\\\/\\\/www.biomediqa.com\\\/#organization\",\"name\":\"Leader en Radioprotection, Physique M\u00e9dicale et Contr\u00f4le de Qualit\u00e9 Interne. Radiologie, M\u00e9decine nucl\u00e9aire, Radiologie dentaire, Radioth\u00e9rapie, Innovation et R&D et formation.\",\"alternateName\":\"BIOMEDIQA\",\"url\":\"https:\\\/\\\/www.biomediqa.com\\\/\",\"logo\":{\"@type\":\"ImageObject\",\"inLanguage\":\"es\",\"@id\":\"https:\\\/\\\/www.biomediqa.com\\\/#\\\/schema\\\/logo\\\/image\\\/\",\"url\":\"https:\\\/\\\/www.biomediqa.com\\\/wp-content\\\/uploads\\\/2023\\\/10\\\/cropped-picto-biomediqa.png\",\"contentUrl\":\"https:\\\/\\\/www.biomediqa.com\\\/wp-content\\\/uploads\\\/2023\\\/10\\\/cropped-picto-biomediqa.png\",\"width\":512,\"height\":512,\"caption\":\"Leader en Radioprotection, Physique M\u00e9dicale et Contr\u00f4le de Qualit\u00e9 Interne. Radiologie, M\u00e9decine nucl\u00e9aire, Radiologie dentaire, Radioth\u00e9rapie, Innovation et R&D et formation.\"},\"image\":{\"@id\":\"https:\\\/\\\/www.biomediqa.com\\\/#\\\/schema\\\/logo\\\/image\\\/\"},\"sameAs\":[\"https:\\\/\\\/www.linkedin.com\\\/company\\\/biomediqa-groupe\",\"https:\\\/\\\/www.youtube.com\\\/channel\\\/UCdF_3LWZbFEdt8-j2JrJGgg\",\"https:\\\/\\\/www.instagram.com\\\/biomediqagroupe\"]}]}<\/script>\n<!-- \/ Yoast SEO plugin. -->","yoast_head_json":{"title":"Modelo de IRM - BIOMEDIQA GROUPE","description":"Maqueta de resonancia magn\u00e9tica: Optimiza la calidad de la atenci\u00f3n a tus pacientes gracias a las buenas pr\u00e1cticas, las instrucciones de seguridad y las recomendaciones claras.","robots":{"index":"index","follow":"follow","max-snippet":"max-snippet:-1","max-image-preview":"max-image-preview:large","max-video-preview":"max-video-preview:-1"},"canonical":"https:\/\/www.biomediqa.com\/es\/modelo-de-irm\/","og_locale":"es_ES","og_type":"article","og_title":"Modelo de IRM - BIOMEDIQA GROUPE","og_description":"Maqueta de resonancia magn\u00e9tica: Optimiza la calidad de la atenci\u00f3n a tus pacientes gracias a las buenas pr\u00e1cticas, las instrucciones de seguridad y las recomendaciones claras.","og_url":"https:\/\/www.biomediqa.com\/es\/modelo-de-irm\/","og_site_name":"BIOMEDIQA GROUPE","article_publisher":"https:\/\/www.linkedin.com\/company\/biomediqa-groupe","article_modified_time":"2026-03-30T07:32:13+00:00","og_image":[{"width":1920,"height":1080,"url":"https:\/\/www.biomediqa.com\/wp-content\/uploads\/2025\/09\/BMQ-IRM1.png","type":"image\/png"}],"twitter_card":"summary_large_image","twitter_misc":{"Tiempo de lectura":"3 minutos"},"schema":{"@context":"https:\/\/schema.org","@graph":[{"@type":"WebPage","@id":"https:\/\/www.biomediqa.com\/es\/modelo-de-irm\/","url":"https:\/\/www.biomediqa.com\/es\/modelo-de-irm\/","name":"Modelo de IRM - BIOMEDIQA GROUPE","isPartOf":{"@id":"https:\/\/www.biomediqa.com\/#website"},"primaryImageOfPage":{"@id":"https:\/\/www.biomediqa.com\/es\/modelo-de-irm\/#primaryimage"},"image":{"@id":"https:\/\/www.biomediqa.com\/es\/modelo-de-irm\/#primaryimage"},"thumbnailUrl":"https:\/\/www.biomediqa.com\/wp-content\/uploads\/2025\/09\/BMQ-IRM1.png","datePublished":"2025-09-02T08:35:57+00:00","dateModified":"2026-03-30T07:32:13+00:00","description":"Maqueta de resonancia magn\u00e9tica: Optimiza la calidad de la atenci\u00f3n a tus pacientes gracias a las buenas pr\u00e1cticas, las instrucciones de seguridad y las recomendaciones claras.","breadcrumb":{"@id":"https:\/\/www.biomediqa.com\/es\/modelo-de-irm\/#breadcrumb"},"inLanguage":"es","potentialAction":[{"@type":"ReadAction","target":["https:\/\/www.biomediqa.com\/es\/modelo-de-irm\/"]}]},{"@type":"ImageObject","inLanguage":"es","@id":"https:\/\/www.biomediqa.com\/es\/modelo-de-irm\/#primaryimage","url":"https:\/\/www.biomediqa.com\/wp-content\/uploads\/2025\/09\/BMQ-IRM1.png","contentUrl":"https:\/\/www.biomediqa.com\/wp-content\/uploads\/2025\/09\/BMQ-IRM1.png","width":1920,"height":1080},{"@type":"BreadcrumbList","@id":"https:\/\/www.biomediqa.com\/es\/modelo-de-irm\/#breadcrumb","itemListElement":[{"@type":"ListItem","position":1,"name":"Accueil","item":"https:\/\/www.biomediqa.com\/es\/bienvenido\/"},{"@type":"ListItem","position":2,"name":"Modelo de IRM"}]},{"@type":"WebSite","@id":"https:\/\/www.biomediqa.com\/#website","url":"https:\/\/www.biomediqa.com\/","name":"BIOMEDIQA GROUPE","description":"L&#039;innovation au service de la physique m\u00e9dicale et de la radioprotection","publisher":{"@id":"https:\/\/www.biomediqa.com\/#organization"},"alternateName":"Leader en Radioprotection, Physique M\u00e9dicale et Contr\u00f4le de Qualit\u00e9 Interne.","potentialAction":[{"@type":"SearchAction","target":{"@type":"EntryPoint","urlTemplate":"https:\/\/www.biomediqa.com\/?s={search_term_string}"},"query-input":{"@type":"PropertyValueSpecification","valueRequired":true,"valueName":"search_term_string"}}],"inLanguage":"es"},{"@type":"Organization","@id":"https:\/\/www.biomediqa.com\/#organization","name":"Leader en Radioprotection, Physique M\u00e9dicale et Contr\u00f4le de Qualit\u00e9 Interne. Radiologie, M\u00e9decine nucl\u00e9aire, Radiologie dentaire, Radioth\u00e9rapie, Innovation et R&D et formation.","alternateName":"BIOMEDIQA","url":"https:\/\/www.biomediqa.com\/","logo":{"@type":"ImageObject","inLanguage":"es","@id":"https:\/\/www.biomediqa.com\/#\/schema\/logo\/image\/","url":"https:\/\/www.biomediqa.com\/wp-content\/uploads\/2023\/10\/cropped-picto-biomediqa.png","contentUrl":"https:\/\/www.biomediqa.com\/wp-content\/uploads\/2023\/10\/cropped-picto-biomediqa.png","width":512,"height":512,"caption":"Leader en Radioprotection, Physique M\u00e9dicale et Contr\u00f4le de Qualit\u00e9 Interne. Radiologie, M\u00e9decine nucl\u00e9aire, Radiologie dentaire, Radioth\u00e9rapie, Innovation et R&D et formation."},"image":{"@id":"https:\/\/www.biomediqa.com\/#\/schema\/logo\/image\/"},"sameAs":["https:\/\/www.linkedin.com\/company\/biomediqa-groupe","https:\/\/www.youtube.com\/channel\/UCdF_3LWZbFEdt8-j2JrJGgg","https:\/\/www.instagram.com\/biomediqagroupe"]}]}},"_links":{"self":[{"href":"https:\/\/www.biomediqa.com\/es\/wp-json\/wp\/v2\/pages\/7224","targetHints":{"allow":["GET"]}}],"collection":[{"href":"https:\/\/www.biomediqa.com\/es\/wp-json\/wp\/v2\/pages"}],"about":[{"href":"https:\/\/www.biomediqa.com\/es\/wp-json\/wp\/v2\/types\/page"}],"author":[{"embeddable":true,"href":"https:\/\/www.biomediqa.com\/es\/wp-json\/wp\/v2\/users\/10"}],"replies":[{"embeddable":true,"href":"https:\/\/www.biomediqa.com\/es\/wp-json\/wp\/v2\/comments?post=7224"}],"version-history":[{"count":4,"href":"https:\/\/www.biomediqa.com\/es\/wp-json\/wp\/v2\/pages\/7224\/revisions"}],"predecessor-version":[{"id":7393,"href":"https:\/\/www.biomediqa.com\/es\/wp-json\/wp\/v2\/pages\/7224\/revisions\/7393"}],"wp:featuredmedia":[{"embeddable":true,"href":"https:\/\/www.biomediqa.com\/es\/wp-json\/wp\/v2\/media\/6396"}],"wp:attachment":[{"href":"https:\/\/www.biomediqa.com\/es\/wp-json\/wp\/v2\/media?parent=7224"}],"curies":[{"name":"wp","href":"https:\/\/api.w.org\/{rel}","templated":true}]}}