{"id":7204,"date":"2025-09-02T10:35:07","date_gmt":"2025-09-02T08:35:07","guid":{"rendered":"https:\/\/www.biomediqa.com\/formulario-modelo-irm\/"},"modified":"2026-02-17T14:39:10","modified_gmt":"2026-02-17T13:39:10","slug":"formulario-modelo-irm","status":"publish","type":"page","link":"https:\/\/www.biomediqa.com\/es\/formulario-modelo-irm\/","title":{"rendered":"Formulario modelo IRM"},"content":{"rendered":"[vc_row type=\u00bbfull_width_background\u00bb full_screen_row_position=\u00bbmiddle\u00bb column_margin=\u00bbdefault\u00bb column_direction=\u00bbdefault\u00bb column_direction_tablet=\u00bbdefault\u00bb column_direction_phone=\u00bbdefault\u00bb scene_position=\u00bbcenter\u00bb top_padding=\u00bb8%\u00bb text_color=\u00bbdark\u00bb text_align=\u00bbleft\u00bb row_border_radius=\u00bbnone\u00bb row_border_radius_applies=\u00bbbg\u00bb zindex=\u00bb100&#8243; overflow=\u00bbvisible\u00bb overlay_strength=\u00bb0.3&#8243; gradient_direction=\u00bbleft_to_right\u00bb shape_divider_position=\u00bbbottom\u00bb bg_image_animation=\u00bbnone\u00bb gradient_type=\u00bbdefault\u00bb shape_type=\u00bb\u00bb][vc_column column_padding=\u00bbno-extra-padding\u00bb column_padding_tablet=\u00bbinherit\u00bb column_padding_phone=\u00bbinherit\u00bb column_padding_position=\u00bball\u00bb column_element_direction_desktop=\u00bbdefault\u00bb column_element_spacing=\u00bbdefault\u00bb desktop_text_alignment=\u00bbdefault\u00bb tablet_text_alignment=\u00bbdefault\u00bb phone_text_alignment=\u00bbdefault\u00bb background_color_opacity=\u00bb1&#8243; background_hover_color_opacity=\u00bb1&#8243; column_backdrop_filter=\u00bbnone\u00bb column_shadow=\u00bbnone\u00bb column_border_radius=\u00bbnone\u00bb column_link_target=\u00bb_self\u00bb column_position=\u00bbdefault\u00bb gradient_direction=\u00bbleft_to_right\u00bb overlay_strength=\u00bb0.3&#8243; width=\u00bb1\/6&#8243; tablet_width_inherit=\u00bbdefault\u00bb animation_type=\u00bbdefault\u00bb bg_image_animation=\u00bbnone\u00bb border_type=\u00bbsimple\u00bb column_border_width=\u00bbnone\u00bb column_border_style=\u00bbsolid\u00bb][\/vc_column][vc_column column_padding=\u00bbno-extra-padding\u00bb column_padding_tablet=\u00bbinherit\u00bb column_padding_phone=\u00bbinherit\u00bb column_padding_position=\u00bball\u00bb column_element_direction_desktop=\u00bbdefault\u00bb column_element_spacing=\u00bbdefault\u00bb desktop_text_alignment=\u00bbdefault\u00bb tablet_text_alignment=\u00bbdefault\u00bb phone_text_alignment=\u00bbdefault\u00bb background_color_opacity=\u00bb1&#8243; background_hover_color_opacity=\u00bb1&#8243; column_backdrop_filter=\u00bbnone\u00bb column_shadow=\u00bbnone\u00bb column_border_radius=\u00bbnone\u00bb column_link_target=\u00bb_self\u00bb column_position=\u00bbdefault\u00bb gradient_direction=\u00bbleft_to_right\u00bb overlay_strength=\u00bb0.3&#8243; width=\u00bb2\/3&#8243; tablet_width_inherit=\u00bbdefault\u00bb animation_type=\u00bbdefault\u00bb bg_image_animation=\u00bbnone\u00bb border_type=\u00bbsimple\u00bb column_border_width=\u00bbnone\u00bb column_border_style=\u00bbsolid\u00bb][vc_row_inner column_margin=\u00bbdefault\u00bb column_direction=\u00bbdefault\u00bb column_direction_tablet=\u00bbdefault\u00bb column_direction_phone=\u00bbdefault\u00bb text_align=\u00bbleft\u00bb row_position=\u00bbdefault\u00bb row_position_tablet=\u00bbinherit\u00bb row_position_phone=\u00bbinherit\u00bb overflow=\u00bbvisible\u00bb pointer_events=\u00bball\u00bb][vc_column_inner column_padding=\u00bbpadding-6-percent\u00bb column_padding_tablet=\u00bbinherit\u00bb column_padding_phone=\u00bbinherit\u00bb column_padding_position=\u00bball\u00bb bottom_margin=\u00bb-25%\u00bb column_element_direction_desktop=\u00bbdefault\u00bb column_element_spacing=\u00bbdefault\u00bb desktop_text_alignment=\u00bbdefault\u00bb tablet_text_alignment=\u00bbdefault\u00bb phone_text_alignment=\u00bbdefault\u00bb background_color=\u00bb#ffffff\u00bb background_color_opacity=\u00bb1&#8243; background_hover_color_opacity=\u00bb1&#8243; column_backdrop_filter=\u00bbnone\u00bb column_shadow=\u00bbx_large_depth\u00bb column_border_radius=\u00bbnone\u00bb column_link_target=\u00bb_self\u00bb overflow=\u00bbvisible\u00bb gradient_direction=\u00bbleft_to_right\u00bb overlay_strength=\u00bb0.3&#8243; width=\u00bb1\/1&#8243; tablet_width_inherit=\u00bbdefault\u00bb animation_type=\u00bbdefault\u00bb enable_animation=\u00bbtrue\u00bb animation=\u00bbnone\u00bb animation_easing=\u00bbdefault\u00bb bg_image_animation=\u00bbnone\u00bb border_type=\u00bbsimple\u00bb column_border_width=\u00bbnone\u00bb column_border_style=\u00bbsolid\u00bb column_padding_type=\u00bbdefault\u00bb gradient_type=\u00bbdefault\u00bb][vc_column_text css=\u00bb\u00bb text_direction=\u00bbdefault\u00bb]\n<h5 style=\"text-align: center;\"><div class=\"frm_forms  with_frm_style frm_center_submit frm_style_style-formidable\" id=\"frm_form_16_container\" data-token=\"7f7ef095d726b16a70dee17b2cae92b9\">\n<form enctype=\"multipart\/form-data\" method=\"post\" class=\"frm-show-form  frm_pro_form \" id=\"form_formulairetlchargementmaquetterp2\" data-token=\"7f7ef095d726b16a70dee17b2cae92b9\">\n<div class=\"frm_form_fields \">\n<fieldset>\n<legend class=\"frm_screen_reader\">Formulaire t\u00e9l\u00e9chargement maquette IRM<\/legend>\r\n\r\n<div class=\"frm_fields_container\">\n<input type=\"hidden\" name=\"frm_action\" value=\"create\" \/>\n<input type=\"hidden\" name=\"form_id\" value=\"16\" \/>\n<input type=\"hidden\" name=\"frm_hide_fields_16\" id=\"frm_hide_fields_16\" value=\"\" \/>\n<input type=\"hidden\" name=\"form_key\" value=\"formulairetlchargementmaquetterp2\" \/>\n<input type=\"hidden\" name=\"item_meta[0]\" value=\"\" \/>\n<input type=\"hidden\" id=\"frm_submit_entry_16\" name=\"frm_submit_entry_16\" value=\"494fcf116b\" \/><input type=\"hidden\" name=\"_wp_http_referer\" value=\"\/es\/wp-json\/wp\/v2\/pages\/7204\" \/><div id=\"frm_field_144_container\" class=\"frm_form_field form-field  frm_required_field frm_top_container frm_first frm_half\">\r\n    <label for=\"field_qh4icy\" class=\"frm_primary_label\">Pr\u00e9nom\r\n        <span class=\"frm_required\">*<\/span>\r\n    <\/label>\r\n    <input type=\"text\" id=\"field_qh4icy\" name=\"item_meta[144]\" value=\"\"  data-reqmsg=\"Pr\u00e9nom cannot be blank.\" aria-required=\"true\" data-invmsg=\"Pr\u00e9nom est non valide\" aria-invalid=\"false\"  \/>\r\n    \r\n    \r\n<\/div>\n<div id=\"frm_field_145_container\" class=\"frm_form_field form-field  frm_required_field frm_top_container frm_half\">\r\n    <label for=\"field_ocfup1\" class=\"frm_primary_label\">Nom\r\n        <span class=\"frm_required\">*<\/span>\r\n    <\/label>\r\n    <input type=\"text\" id=\"field_ocfup1\" name=\"item_meta[145]\" value=\"\"  data-reqmsg=\"Nom cannot be blank.\" aria-required=\"true\" data-invmsg=\"Nom est non valide\" aria-invalid=\"false\"  \/>\r\n    \r\n    \r\n<\/div>\n<div id=\"frm_field_146_container\" class=\"frm_form_field form-field  frm_required_field frm_top_container frm6 frm_half frm_first\">\r\n    <label for=\"field_29yf4d232\" class=\"frm_primary_label\">Email\r\n        <span class=\"frm_required\">*<\/span>\r\n    <\/label>\r\n    <input type=\"email\" id=\"field_29yf4d232\" name=\"item_meta[146]\" value=\"\"  data-reqmsg=\"Email cannot be blank.\" aria-required=\"true\" data-invmsg=\"Please enter a valid email address\" aria-invalid=\"false\"  \/>\r\n    \r\n    \r\n<\/div>\n<div id=\"frm_field_147_container\" class=\"frm_form_field form-field  frm_required_field frm_top_container frm6\">\r\n\t<label for=\"field_gvf5i2\" id=\"field_gvf5i2_label\" class=\"frm_primary_label\">Num\u00e9ro de t\u00e9l\u00e9phone\r\n\t\t<span class=\"frm_required\" aria-hidden=\"true\">*<\/span>\r\n\t<\/label>\r\n\t<input type=\"tel\" id=\"field_gvf5i2\" name=\"item_meta[147]\" value=\"\"  data-reqmsg=\"Ce champ ne peut pas \u00eatre vide\" aria-required=\"true\" data-invmsg=\"Num\u00e9ro de t\u00e9l\u00e9phone est non valide\" aria-invalid=\"false\" pattern=\"((\\+\\d{1,3}(-|.| )?\\(?\\d\\)?(-| |.)?\\d{1,5})|(\\(?\\d{2,6}\\)?))(-|.| )?(\\d{3,4})(-|.| )?(\\d{4})(( x| ext)\\d{1,5}){0,1}$\"  \/>\r\n\t\r\n\t\r\n<\/div>\n<div id=\"frm_field_148_container\" class=\"frm_form_field form-field  frm_required_field frm_top_container\">\r\n\t<label for=\"field_7z4xp2\" id=\"field_7z4xp2_label\" class=\"frm_primary_label\">Lieu du travail\r\n\t\t<span class=\"frm_required\" aria-hidden=\"true\">*<\/span>\r\n\t<\/label>\r\n\t<input type=\"text\" id=\"field_7z4xp2\" name=\"item_meta[148]\" value=\"\"  placeholder=\"H\u00f4pital ou clinique ou autres.\" data-reqmsg=\"Ce champ ne peut pas \u00eatre vide\" aria-required=\"true\" data-invmsg=\"Lieu du travail est non valide\" aria-invalid=\"false\"  \/>\r\n\t\r\n\t\r\n<\/div>\n<div id=\"frm_field_149_container\" class=\"frm_form_field form-field  frm_top_container frm_full\">\r\n    <label for=\"field_9jv0r1232\" class=\"frm_primary_label\">Commentaire\r\n        <span class=\"frm_required\"><\/span>\r\n    <\/label>\r\n    <textarea name=\"item_meta[149]\" id=\"field_9jv0r1232\" rows=\"5\"  data-invmsg=\"Commentaire est non valide\" aria-invalid=\"false\"  ><\/textarea>\r\n    \r\n    \r\n<\/div>\n<div id=\"frm_field_150_container\" class=\"frm_form_field form-field \">\r\n\t<div class=\"frm_submit\">\r\n\r\n<button class=\"frm_button_submit frm_final_submit\" type=\"submit\"  formnovalidate=\"formnovalidate\">Envoyer<\/button>\r\n\r\n<\/div>\r\n<\/div>\n\t<input type=\"hidden\" name=\"item_key\" value=\"\" \/>\n\t\t\t<div id=\"frm_field_151_container\">\n\t\t\t<label for=\"field_u2r1c\" >\n\t\t\t\tSi eres humano, deja este campo en blanco.\t\t\t<\/label>\n\t\t\t<input  id=\"field_u2r1c\" type=\"text\" class=\"frm_form_field form-field frm_verify\" name=\"item_meta[151]\" value=\"\"  \/>\n\t\t<\/div>\n\t\t<input name=\"frm_state\" type=\"hidden\" value=\"2cTOnJAH8IK+azu0JykU5Uz98WzD4apAeYlZe6rgDbL+\/jERC1PfSAHel+t+fO1p\" \/><\/div>\n<\/fieldset>\n<\/div>\n\n<\/form>\n<\/div>\n<\/h5>\n[\/vc_column_text][\/vc_column_inner][\/vc_row_inner][\/vc_column][vc_column column_padding=\u00bbno-extra-padding\u00bb column_padding_tablet=\u00bbinherit\u00bb column_padding_phone=\u00bbinherit\u00bb column_padding_position=\u00bball\u00bb column_element_direction_desktop=\u00bbdefault\u00bb column_element_spacing=\u00bbdefault\u00bb desktop_text_alignment=\u00bbdefault\u00bb tablet_text_alignment=\u00bbdefault\u00bb phone_text_alignment=\u00bbdefault\u00bb background_color_opacity=\u00bb1&#8243; background_hover_color_opacity=\u00bb1&#8243; column_backdrop_filter=\u00bbnone\u00bb column_shadow=\u00bbnone\u00bb column_border_radius=\u00bbnone\u00bb column_link_target=\u00bb_self\u00bb column_position=\u00bbdefault\u00bb gradient_direction=\u00bbleft_to_right\u00bb overlay_strength=\u00bb0.3&#8243; width=\u00bb1\/6&#8243; tablet_width_inherit=\u00bbdefault\u00bb animation_type=\u00bbdefault\u00bb bg_image_animation=\u00bbnone\u00bb border_type=\u00bbsimple\u00bb column_border_width=\u00bbnone\u00bb column_border_style=\u00bbsolid\u00bb][\/vc_column][\/vc_row][vc_row type=\u00bbin_container\u00bb full_screen_row_position=\u00bbmiddle\u00bb column_margin=\u00bbdefault\u00bb column_direction=\u00bbdefault\u00bb column_direction_tablet=\u00bbdefault\u00bb column_direction_phone=\u00bbdefault\u00bb scene_position=\u00bbcenter\u00bb text_color=\u00bbdark\u00bb text_align=\u00bbleft\u00bb row_border_radius=\u00bbnone\u00bb row_border_radius_applies=\u00bbbg\u00bb overflow=\u00bbvisible\u00bb overlay_strength=\u00bb0.3&#8243; gradient_direction=\u00bbleft_to_right\u00bb shape_divider_position=\u00bbbottom\u00bb bg_image_animation=\u00bbnone\u00bb][vc_column column_padding=\u00bbno-extra-padding\u00bb column_padding_tablet=\u00bbinherit\u00bb column_padding_phone=\u00bbinherit\u00bb column_padding_position=\u00bball\u00bb column_element_direction_desktop=\u00bbdefault\u00bb column_element_spacing=\u00bbdefault\u00bb desktop_text_alignment=\u00bbdefault\u00bb tablet_text_alignment=\u00bbdefault\u00bb phone_text_alignment=\u00bbdefault\u00bb background_color_opacity=\u00bb1&#8243; background_hover_color_opacity=\u00bb1&#8243; column_backdrop_filter=\u00bbnone\u00bb column_shadow=\u00bbnone\u00bb column_border_radius=\u00bbnone\u00bb column_link_target=\u00bb_self\u00bb column_position=\u00bbdefault\u00bb gradient_direction=\u00bbleft_to_right\u00bb overlay_strength=\u00bb0.3&#8243; width=\u00bb1\/1&#8243; tablet_width_inherit=\u00bbdefault\u00bb animation_type=\u00bbdefault\u00bb bg_image_animation=\u00bbnone\u00bb border_type=\u00bbsimple\u00bb column_border_width=\u00bbnone\u00bb column_border_style=\u00bbsolid\u00bb][divider line_type=\u00bbNo Line\u00bb custom_height=\u00bb800px\u00bb][\/vc_column][\/vc_row]\n","protected":false},"excerpt":{"rendered":"<p>[vc_row type=\u00bbfull_width_background\u00bb full_screen_row_position=\u00bbmiddle\u00bb column_margin=\u00bbdefault\u00bb column_direction=\u00bbdefault\u00bb column_direction_tablet=\u00bbdefault\u00bb column_direction_phone=\u00bbdefault\u00bb scene_position=\u00bbcenter\u00bb top_padding=\u00bb8%\u00bb text_color=\u00bbdark\u00bb text_align=\u00bbleft\u00bb row_border_radius=\u00bbnone\u00bb row_border_radius_applies=\u00bbbg\u00bb zindex=\u00bb100&#8243; overflow=\u00bbvisible\u00bb overlay_strength=\u00bb0.3&#8243; gradient_direction=\u00bbleft_to_right\u00bb shape_divider_position=\u00bbbottom\u00bb bg_image_animation=\u00bbnone\u00bb gradient_type=\u00bbdefault\u00bb shape_type=\u00bb\u00bb][vc_column column_padding=\u00bbno-extra-padding\u00bb column_padding_tablet=\u00bbinherit\u00bb column_padding_phone=\u00bbinherit\u00bb column_padding_position=\u00bball\u00bb column_element_direction_desktop=\u00bbdefault\u00bb column_element_spacing=\u00bbdefault\u00bb desktop_text_alignment=\u00bbdefault\u00bb tablet_text_alignment=\u00bbdefault\u00bb phone_text_alignment=\u00bbdefault\u00bb&#8230;<\/p>\n","protected":false},"author":10,"featured_media":6396,"parent":0,"menu_order":0,"comment_status":"closed","ping_status":"closed","template":"","meta":{"footnotes":""},"class_list":["post-7204","page","type-page","status-publish","has-post-thumbnail"],"yoast_head":"<!-- This site is optimized with the Yoast SEO plugin v27.4 - https:\/\/yoast.com\/product\/yoast-seo-wordpress\/ -->\n<title>Formulario modelo IRM - BIOMEDIQA GROUPE<\/title>\n<meta name=\"robots\" content=\"index, follow, max-snippet:-1, max-image-preview:large, max-video-preview:-1\" \/>\n<link rel=\"canonical\" href=\"https:\/\/www.biomediqa.com\/es\/formulario-modelo-irm\/\" \/>\n<meta property=\"og:locale\" content=\"es_ES\" \/>\n<meta property=\"og:type\" content=\"article\" \/>\n<meta property=\"og:title\" content=\"Formulario modelo IRM - BIOMEDIQA GROUPE\" \/>\n<meta property=\"og:description\" content=\"[vc_row type=\u00bbfull_width_background\u00bb full_screen_row_position=\u00bbmiddle\u00bb column_margin=\u00bbdefault\u00bb column_direction=\u00bbdefault\u00bb column_direction_tablet=\u00bbdefault\u00bb column_direction_phone=\u00bbdefault\u00bb scene_position=\u00bbcenter\u00bb top_padding=\u00bb8%\u00bb text_color=\u00bbdark\u00bb text_align=\u00bbleft\u00bb row_border_radius=\u00bbnone\u00bb row_border_radius_applies=\u00bbbg\u00bb zindex=\u00bb100&#8243; overflow=\u00bbvisible\u00bb overlay_strength=\u00bb0.3&#8243; gradient_direction=\u00bbleft_to_right\u00bb shape_divider_position=\u00bbbottom\u00bb bg_image_animation=\u00bbnone\u00bb gradient_type=\u00bbdefault\u00bb shape_type=\u00bb\u00bb][vc_column column_padding=\u00bbno-extra-padding\u00bb column_padding_tablet=\u00bbinherit\u00bb column_padding_phone=\u00bbinherit\u00bb column_padding_position=\u00bball\u00bb column_element_direction_desktop=\u00bbdefault\u00bb column_element_spacing=\u00bbdefault\u00bb desktop_text_alignment=\u00bbdefault\u00bb tablet_text_alignment=\u00bbdefault\u00bb phone_text_alignment=\u00bbdefault\u00bb...\" \/>\n<meta property=\"og:url\" content=\"https:\/\/www.biomediqa.com\/es\/formulario-modelo-irm\/\" \/>\n<meta property=\"og:site_name\" content=\"BIOMEDIQA GROUPE\" \/>\n<meta property=\"article:publisher\" content=\"https:\/\/www.linkedin.com\/company\/biomediqa-groupe\" \/>\n<meta property=\"article:modified_time\" content=\"2026-02-17T13:39:10+00:00\" \/>\n<meta property=\"og:image\" content=\"https:\/\/www.biomediqa.com\/wp-content\/uploads\/2025\/09\/BMQ-IRM1.png\" \/>\n\t<meta property=\"og:image:width\" content=\"1920\" \/>\n\t<meta property=\"og:image:height\" content=\"1080\" \/>\n\t<meta property=\"og:image:type\" content=\"image\/png\" \/>\n<meta name=\"twitter:card\" content=\"summary_large_image\" \/>\n<meta name=\"twitter:label1\" content=\"Tiempo de lectura\" \/>\n\t<meta name=\"twitter:data1\" content=\"3 minutos\" \/>\n<script type=\"application\/ld+json\" class=\"yoast-schema-graph\">{\"@context\":\"https:\\\/\\\/schema.org\",\"@graph\":[{\"@type\":\"WebPage\",\"@id\":\"https:\\\/\\\/www.biomediqa.com\\\/es\\\/formulario-modelo-irm\\\/\",\"url\":\"https:\\\/\\\/www.biomediqa.com\\\/es\\\/formulario-modelo-irm\\\/\",\"name\":\"Formulario modelo IRM - BIOMEDIQA GROUPE\",\"isPartOf\":{\"@id\":\"https:\\\/\\\/www.biomediqa.com\\\/#website\"},\"primaryImageOfPage\":{\"@id\":\"https:\\\/\\\/www.biomediqa.com\\\/es\\\/formulario-modelo-irm\\\/#primaryimage\"},\"image\":{\"@id\":\"https:\\\/\\\/www.biomediqa.com\\\/es\\\/formulario-modelo-irm\\\/#primaryimage\"},\"thumbnailUrl\":\"https:\\\/\\\/www.biomediqa.com\\\/wp-content\\\/uploads\\\/2025\\\/09\\\/BMQ-IRM1.png\",\"datePublished\":\"2025-09-02T08:35:07+00:00\",\"dateModified\":\"2026-02-17T13:39:10+00:00\",\"breadcrumb\":{\"@id\":\"https:\\\/\\\/www.biomediqa.com\\\/es\\\/formulario-modelo-irm\\\/#breadcrumb\"},\"inLanguage\":\"es\",\"potentialAction\":[{\"@type\":\"ReadAction\",\"target\":[\"https:\\\/\\\/www.biomediqa.com\\\/es\\\/formulario-modelo-irm\\\/\"]}]},{\"@type\":\"ImageObject\",\"inLanguage\":\"es\",\"@id\":\"https:\\\/\\\/www.biomediqa.com\\\/es\\\/formulario-modelo-irm\\\/#primaryimage\",\"url\":\"https:\\\/\\\/www.biomediqa.com\\\/wp-content\\\/uploads\\\/2025\\\/09\\\/BMQ-IRM1.png\",\"contentUrl\":\"https:\\\/\\\/www.biomediqa.com\\\/wp-content\\\/uploads\\\/2025\\\/09\\\/BMQ-IRM1.png\",\"width\":1920,\"height\":1080},{\"@type\":\"BreadcrumbList\",\"@id\":\"https:\\\/\\\/www.biomediqa.com\\\/es\\\/formulario-modelo-irm\\\/#breadcrumb\",\"itemListElement\":[{\"@type\":\"ListItem\",\"position\":1,\"name\":\"Accueil\",\"item\":\"https:\\\/\\\/www.biomediqa.com\\\/es\\\/bienvenido\\\/\"},{\"@type\":\"ListItem\",\"position\":2,\"name\":\"Formulario modelo IRM\"}]},{\"@type\":\"WebSite\",\"@id\":\"https:\\\/\\\/www.biomediqa.com\\\/#website\",\"url\":\"https:\\\/\\\/www.biomediqa.com\\\/\",\"name\":\"BIOMEDIQA GROUPE\",\"description\":\"L&#039;innovation au service de la physique m\u00e9dicale et de la radioprotection\",\"publisher\":{\"@id\":\"https:\\\/\\\/www.biomediqa.com\\\/#organization\"},\"alternateName\":\"Leader en Radioprotection, Physique M\u00e9dicale et Contr\u00f4le de Qualit\u00e9 Interne.\",\"potentialAction\":[{\"@type\":\"SearchAction\",\"target\":{\"@type\":\"EntryPoint\",\"urlTemplate\":\"https:\\\/\\\/www.biomediqa.com\\\/?s={search_term_string}\"},\"query-input\":{\"@type\":\"PropertyValueSpecification\",\"valueRequired\":true,\"valueName\":\"search_term_string\"}}],\"inLanguage\":\"es\"},{\"@type\":\"Organization\",\"@id\":\"https:\\\/\\\/www.biomediqa.com\\\/#organization\",\"name\":\"Leader en Radioprotection, Physique M\u00e9dicale et Contr\u00f4le de Qualit\u00e9 Interne. Radiologie, M\u00e9decine nucl\u00e9aire, Radiologie dentaire, Radioth\u00e9rapie, Innovation et R&D et formation.\",\"alternateName\":\"BIOMEDIQA\",\"url\":\"https:\\\/\\\/www.biomediqa.com\\\/\",\"logo\":{\"@type\":\"ImageObject\",\"inLanguage\":\"es\",\"@id\":\"https:\\\/\\\/www.biomediqa.com\\\/#\\\/schema\\\/logo\\\/image\\\/\",\"url\":\"https:\\\/\\\/www.biomediqa.com\\\/wp-content\\\/uploads\\\/2023\\\/10\\\/cropped-picto-biomediqa.png\",\"contentUrl\":\"https:\\\/\\\/www.biomediqa.com\\\/wp-content\\\/uploads\\\/2023\\\/10\\\/cropped-picto-biomediqa.png\",\"width\":512,\"height\":512,\"caption\":\"Leader en Radioprotection, Physique M\u00e9dicale et Contr\u00f4le de Qualit\u00e9 Interne. Radiologie, M\u00e9decine nucl\u00e9aire, Radiologie dentaire, Radioth\u00e9rapie, Innovation et R&D et formation.\"},\"image\":{\"@id\":\"https:\\\/\\\/www.biomediqa.com\\\/#\\\/schema\\\/logo\\\/image\\\/\"},\"sameAs\":[\"https:\\\/\\\/www.linkedin.com\\\/company\\\/biomediqa-groupe\",\"https:\\\/\\\/www.youtube.com\\\/channel\\\/UCdF_3LWZbFEdt8-j2JrJGgg\",\"https:\\\/\\\/www.instagram.com\\\/biomediqagroupe\"]}]}<\/script>\n<!-- \/ Yoast SEO plugin. -->","yoast_head_json":{"title":"Formulario modelo IRM - BIOMEDIQA GROUPE","robots":{"index":"index","follow":"follow","max-snippet":"max-snippet:-1","max-image-preview":"max-image-preview:large","max-video-preview":"max-video-preview:-1"},"canonical":"https:\/\/www.biomediqa.com\/es\/formulario-modelo-irm\/","og_locale":"es_ES","og_type":"article","og_title":"Formulario modelo IRM - BIOMEDIQA GROUPE","og_description":"[vc_row type=\u00bbfull_width_background\u00bb full_screen_row_position=\u00bbmiddle\u00bb column_margin=\u00bbdefault\u00bb column_direction=\u00bbdefault\u00bb column_direction_tablet=\u00bbdefault\u00bb column_direction_phone=\u00bbdefault\u00bb scene_position=\u00bbcenter\u00bb top_padding=\u00bb8%\u00bb text_color=\u00bbdark\u00bb text_align=\u00bbleft\u00bb row_border_radius=\u00bbnone\u00bb row_border_radius_applies=\u00bbbg\u00bb zindex=\u00bb100&#8243; overflow=\u00bbvisible\u00bb overlay_strength=\u00bb0.3&#8243; gradient_direction=\u00bbleft_to_right\u00bb shape_divider_position=\u00bbbottom\u00bb bg_image_animation=\u00bbnone\u00bb gradient_type=\u00bbdefault\u00bb shape_type=\u00bb\u00bb][vc_column column_padding=\u00bbno-extra-padding\u00bb column_padding_tablet=\u00bbinherit\u00bb column_padding_phone=\u00bbinherit\u00bb column_padding_position=\u00bball\u00bb column_element_direction_desktop=\u00bbdefault\u00bb column_element_spacing=\u00bbdefault\u00bb desktop_text_alignment=\u00bbdefault\u00bb tablet_text_alignment=\u00bbdefault\u00bb phone_text_alignment=\u00bbdefault\u00bb...","og_url":"https:\/\/www.biomediqa.com\/es\/formulario-modelo-irm\/","og_site_name":"BIOMEDIQA GROUPE","article_publisher":"https:\/\/www.linkedin.com\/company\/biomediqa-groupe","article_modified_time":"2026-02-17T13:39:10+00:00","og_image":[{"width":1920,"height":1080,"url":"https:\/\/www.biomediqa.com\/wp-content\/uploads\/2025\/09\/BMQ-IRM1.png","type":"image\/png"}],"twitter_card":"summary_large_image","twitter_misc":{"Tiempo de lectura":"3 minutos"},"schema":{"@context":"https:\/\/schema.org","@graph":[{"@type":"WebPage","@id":"https:\/\/www.biomediqa.com\/es\/formulario-modelo-irm\/","url":"https:\/\/www.biomediqa.com\/es\/formulario-modelo-irm\/","name":"Formulario modelo IRM - BIOMEDIQA GROUPE","isPartOf":{"@id":"https:\/\/www.biomediqa.com\/#website"},"primaryImageOfPage":{"@id":"https:\/\/www.biomediqa.com\/es\/formulario-modelo-irm\/#primaryimage"},"image":{"@id":"https:\/\/www.biomediqa.com\/es\/formulario-modelo-irm\/#primaryimage"},"thumbnailUrl":"https:\/\/www.biomediqa.com\/wp-content\/uploads\/2025\/09\/BMQ-IRM1.png","datePublished":"2025-09-02T08:35:07+00:00","dateModified":"2026-02-17T13:39:10+00:00","breadcrumb":{"@id":"https:\/\/www.biomediqa.com\/es\/formulario-modelo-irm\/#breadcrumb"},"inLanguage":"es","potentialAction":[{"@type":"ReadAction","target":["https:\/\/www.biomediqa.com\/es\/formulario-modelo-irm\/"]}]},{"@type":"ImageObject","inLanguage":"es","@id":"https:\/\/www.biomediqa.com\/es\/formulario-modelo-irm\/#primaryimage","url":"https:\/\/www.biomediqa.com\/wp-content\/uploads\/2025\/09\/BMQ-IRM1.png","contentUrl":"https:\/\/www.biomediqa.com\/wp-content\/uploads\/2025\/09\/BMQ-IRM1.png","width":1920,"height":1080},{"@type":"BreadcrumbList","@id":"https:\/\/www.biomediqa.com\/es\/formulario-modelo-irm\/#breadcrumb","itemListElement":[{"@type":"ListItem","position":1,"name":"Accueil","item":"https:\/\/www.biomediqa.com\/es\/bienvenido\/"},{"@type":"ListItem","position":2,"name":"Formulario modelo IRM"}]},{"@type":"WebSite","@id":"https:\/\/www.biomediqa.com\/#website","url":"https:\/\/www.biomediqa.com\/","name":"BIOMEDIQA GROUPE","description":"L&#039;innovation au service de la physique m\u00e9dicale et de la radioprotection","publisher":{"@id":"https:\/\/www.biomediqa.com\/#organization"},"alternateName":"Leader en Radioprotection, Physique M\u00e9dicale et Contr\u00f4le de Qualit\u00e9 Interne.","potentialAction":[{"@type":"SearchAction","target":{"@type":"EntryPoint","urlTemplate":"https:\/\/www.biomediqa.com\/?s={search_term_string}"},"query-input":{"@type":"PropertyValueSpecification","valueRequired":true,"valueName":"search_term_string"}}],"inLanguage":"es"},{"@type":"Organization","@id":"https:\/\/www.biomediqa.com\/#organization","name":"Leader en Radioprotection, Physique M\u00e9dicale et Contr\u00f4le de Qualit\u00e9 Interne. Radiologie, M\u00e9decine nucl\u00e9aire, Radiologie dentaire, Radioth\u00e9rapie, Innovation et R&D et formation.","alternateName":"BIOMEDIQA","url":"https:\/\/www.biomediqa.com\/","logo":{"@type":"ImageObject","inLanguage":"es","@id":"https:\/\/www.biomediqa.com\/#\/schema\/logo\/image\/","url":"https:\/\/www.biomediqa.com\/wp-content\/uploads\/2023\/10\/cropped-picto-biomediqa.png","contentUrl":"https:\/\/www.biomediqa.com\/wp-content\/uploads\/2023\/10\/cropped-picto-biomediqa.png","width":512,"height":512,"caption":"Leader en Radioprotection, Physique M\u00e9dicale et Contr\u00f4le de Qualit\u00e9 Interne. Radiologie, M\u00e9decine nucl\u00e9aire, Radiologie dentaire, Radioth\u00e9rapie, Innovation et R&D et formation."},"image":{"@id":"https:\/\/www.biomediqa.com\/#\/schema\/logo\/image\/"},"sameAs":["https:\/\/www.linkedin.com\/company\/biomediqa-groupe","https:\/\/www.youtube.com\/channel\/UCdF_3LWZbFEdt8-j2JrJGgg","https:\/\/www.instagram.com\/biomediqagroupe"]}]}},"_links":{"self":[{"href":"https:\/\/www.biomediqa.com\/es\/wp-json\/wp\/v2\/pages\/7204","targetHints":{"allow":["GET"]}}],"collection":[{"href":"https:\/\/www.biomediqa.com\/es\/wp-json\/wp\/v2\/pages"}],"about":[{"href":"https:\/\/www.biomediqa.com\/es\/wp-json\/wp\/v2\/types\/page"}],"author":[{"embeddable":true,"href":"https:\/\/www.biomediqa.com\/es\/wp-json\/wp\/v2\/users\/10"}],"replies":[{"embeddable":true,"href":"https:\/\/www.biomediqa.com\/es\/wp-json\/wp\/v2\/comments?post=7204"}],"version-history":[{"count":2,"href":"https:\/\/www.biomediqa.com\/es\/wp-json\/wp\/v2\/pages\/7204\/revisions"}],"predecessor-version":[{"id":7206,"href":"https:\/\/www.biomediqa.com\/es\/wp-json\/wp\/v2\/pages\/7204\/revisions\/7206"}],"wp:featuredmedia":[{"embeddable":true,"href":"https:\/\/www.biomediqa.com\/es\/wp-json\/wp\/v2\/media\/6396"}],"wp:attachment":[{"href":"https:\/\/www.biomediqa.com\/es\/wp-json\/wp\/v2\/media?parent=7204"}],"curies":[{"name":"wp","href":"https:\/\/api.w.org\/{rel}","templated":true}]}}