{"id":5115,"date":"2024-06-26T22:59:20","date_gmt":"2024-06-26T20:59:20","guid":{"rendered":"https:\/\/www.biomediqa.com\/medicina-nuclear\/signaletique\/"},"modified":"2024-06-28T15:00:59","modified_gmt":"2024-06-28T13:00:59","slug":"signaletique","status":"publish","type":"page","link":"https:\/\/www.biomediqa.com\/es\/medicina-nuclear\/signaletique\/","title":{"rendered":"Se\u00f1alizaci\u00f3n"},"content":{"rendered":"[vc_row type=\u00bbfull_width_background\u00bb full_screen_row_position=\u00bbmiddle\u00bb column_margin=\u00bbnone\u00bb equal_height=\u00bbyes\u00bb content_placement=\u00bbmiddle\u00bb column_direction=\u00bbdefault\u00bb column_direction_tablet=\u00bbdefault\u00bb column_direction_phone=\u00bbdefault\u00bb bg_color=\u00bb#f0f2f6&#8243; scene_position=\u00bbcenter\u00bb top_padding=\u00bb8%\u00bb bottom_padding=\u00bb8%\u00bb constrain_group_2=\u00bbyes\u00bb top_padding_tablet=\u00bb8%\u00bb constrain_group_3=\u00bbyes\u00bb bottom_padding_tablet=\u00bb8%\u00bb top_padding_phone=\u00bb7%\u00bb constrain_group_5=\u00bbyes\u00bb bottom_padding_phone=\u00bb7%\u00bb text_color=\u00bbdark\u00bb text_align=\u00bbleft\u00bb row_border_radius=\u00bbnone\u00bb row_border_radius_applies=\u00bbbg\u00bb overflow=\u00bbvisible\u00bb advanced_gradient_angle=\u00bb0&#8243; overlay_strength=\u00bb0.3&#8243; gradient_direction=\u00bbleft_to_right\u00bb shape_divider_position=\u00bbbottom\u00bb bg_image_animation=\u00bbnone\u00bb gradient_type=\u00bbdefault\u00bb shape_type=\u00bb\u00bb][vc_column left_padding_desktop=\u00bb7vw\u00bb column_element_direction_desktop=\u00bbdefault\u00bb column_element_spacing=\u00bb30px\u00bb desktop_text_alignment=\u00bbdefault\u00bb tablet_text_alignment=\u00bbdefault\u00bb phone_text_alignment=\u00bbdefault\u00bb background_color_opacity=\u00bb1&#8243; background_hover_color_opacity=\u00bb1&#8243; column_backdrop_filter=\u00bbnone\u00bb column_shadow=\u00bbnone\u00bb column_border_radius=\u00bbnone\u00bb column_link_target=\u00bb_self\u00bb column_position=\u00bbrelative\u00bb advanced_gradient_angle=\u00bb180&#8243; width=\u00bb1\/2&#8243; tablet_width_inherit=\u00bbdefault\u00bb animation_type=\u00bbdefault\u00bb bg_image_animation=\u00bbnone\u00bb border_type=\u00bbsimple\u00bb column_border_width=\u00bbnone\u00bb column_border_style=\u00bbsolid\u00bb gradient_type=\u00bbadvanced\u00bb advanced_gradient_display_type=\u00bblinear\u00bb column_padding_type=\u00bbadvanced\u00bb][vc_row_inner column_margin=\u00bbnone\u00bb column_direction=\u00bbdefault\u00bb column_direction_tablet=\u00bbdefault\u00bb column_direction_phone=\u00bbdefault\u00bb right_padding_desktop=\u00bb5%\u00bb text_align=\u00bbleft\u00bb row_position=\u00bbdefault\u00bb row_position_tablet=\u00bbinherit\u00bb row_position_phone=\u00bbinherit\u00bb overflow=\u00bbvisible\u00bb pointer_events=\u00bball\u00bb][vc_column_inner column_padding=\u00bbno-extra-padding\u00bb column_padding_tablet=\u00bbinherit\u00bb column_padding_phone=\u00bbinherit\u00bb column_padding_position=\u00bball\u00bb right_margin=\u00bb5%\u00bb column_element_direction_desktop=\u00bbdefault\u00bb column_element_spacing=\u00bbdefault\u00bb desktop_text_alignment=\u00bbdefault\u00bb tablet_text_alignment=\u00bbdefault\u00bb phone_text_alignment=\u00bbdefault\u00bb background_color_opacity=\u00bb1&#8243; background_hover_color_opacity=\u00bb1&#8243; column_backdrop_filter=\u00bbnone\u00bb column_shadow=\u00bbnone\u00bb column_border_radius=\u00bbnone\u00bb column_link_target=\u00bb_self\u00bb overflow=\u00bbvisible\u00bb advanced_gradient_angle=\u00bb0&#8243; gradient_direction=\u00bbleft_to_right\u00bb overlay_strength=\u00bb0.3&#8243; width=\u00bb1\/1&#8243; tablet_width_inherit=\u00bbdefault\u00bb animation_type=\u00bbdefault\u00bb bg_image_animation=\u00bbnone\u00bb border_type=\u00bbsimple\u00bb column_border_width=\u00bbnone\u00bb column_border_style=\u00bbsolid\u00bb gradient_type=\u00bbdefault\u00bb column_padding_type=\u00bbdefault\u00bb][split_line_heading animation_type=\u00bbline-reveal-by-space\u00bb font_style=\u00bbh1&#8243; font_size_max=\u00bb50px\u00bb line_reveal_by_space_text_effect=\u00bbdefault\u00bb stagger_animation=\u00bbtrue\u00bb mobile_disable_animation=\u00bbtrue\u00bb content_alignment=\u00bbdefault\u00bb mobile_content_alignment=\u00bbinherit\u00bb link_target=\u00bb_self\u00bb text_content=\u00bbTr\u00e9boles de se\u00f1ales\u00bb font_size=\u00bb3vw\u00bb font_line_height=\u00bb1.3&#8243; text_direction=\u00bbdefault\u00bb][\/split_line_heading][\/vc_column_inner][\/vc_row_inner][vc_column_text css=\u00bb\u00bb text_direction=\u00bbdefault\u00bb]<strong>Dimensiones (ancho x alto):<\/strong> 13 x 18 cm<br \/>\n<strong>Material:<\/strong> vinilo adhesivo 120\u03bc<br \/>\n4 colores: azul, verde, amarillo o naranja<br \/>\n2 modelos :<br \/>\n&#8211; Riesgo de radiaci\u00f3n (radiolog\u00eda)<br \/>\n&#8211; Riesgo de irradiaci\u00f3n y contaminaci\u00f3n (medicina nuclear)[\/vc_column_text][\/vc_column][vc_column column_padding=\u00bbpadding-5-percent\u00bb column_padding_tablet=\u00bbinherit\u00bb column_padding_phone=\u00bbinherit\u00bb column_padding_position=\u00bbleft-right\u00bb top_margin_tablet=\u00bb15%\u00bb constrain_group_3=\u00bbyes\u00bb bottom_margin_tablet=\u00bb15%\u00bb top_margin_phone=\u00bb15%\u00bb constrain_group_5=\u00bbyes\u00bb bottom_margin_phone=\u00bb15%\u00bb column_element_direction_desktop=\u00bbdefault\u00bb column_element_spacing=\u00bbdefault\u00bb desktop_text_alignment=\u00bbdefault\u00bb tablet_text_alignment=\u00bbdefault\u00bb phone_text_alignment=\u00bbdefault\u00bb background_color_opacity=\u00bb1&#8243; background_hover_color_opacity=\u00bb1&#8243; column_backdrop_filter=\u00bbnone\u00bb column_shadow=\u00bbnone\u00bb column_border_radius=\u00bb20px\u00bb column_link_target=\u00bb_self\u00bb column_position=\u00bbstatic\u00bb advanced_gradient_angle=\u00bb0&#8243; gradient_direction=\u00bbleft_to_right\u00bb overlay_strength=\u00bb0.3&#8243; width=\u00bb1\/2&#8243; tablet_width_inherit=\u00bbdefault\u00bb animation_type=\u00bbdefault\u00bb bg_image_animation=\u00bbnone\u00bb border_type=\u00bbsimple\u00bb column_border_width=\u00bbnone\u00bb column_border_style=\u00bbsolid\u00bb gradient_type=\u00bbdefault\u00bb column_padding_type=\u00bbdefault\u00bb][image_with_animation image_url=\u00bb5083&#8243; image_size=\u00bbfull\u00bb animation_type=\u00bbentrance\u00bb animation=\u00bbNone\u00bb animation_movement_type=\u00bbtransform_y\u00bb hover_animation=\u00bbnone\u00bb alignment=\u00bb\u00bb border_radius=\u00bb20px\u00bb box_shadow=\u00bbnone\u00bb image_loading=\u00bblazy-load\u00bb max_width=\u00bbcustom\u00bb max_width_custom=\u00bb650&#8243;][\/vc_column][\/vc_row][vc_row type=\u00bbfull_width_background\u00bb full_screen_row_position=\u00bbmiddle\u00bb column_margin=\u00bbnone\u00bb equal_height=\u00bbyes\u00bb content_placement=\u00bbmiddle\u00bb column_direction=\u00bbdefault\u00bb column_direction_tablet=\u00bbdefault\u00bb column_direction_phone=\u00bbdefault\u00bb bg_color=\u00bb#ffffff\u00bb scene_position=\u00bbcenter\u00bb top_padding=\u00bb8%\u00bb bottom_padding=\u00bb8%\u00bb constrain_group_2=\u00bbyes\u00bb top_padding_tablet=\u00bb8%\u00bb constrain_group_3=\u00bbyes\u00bb bottom_padding_tablet=\u00bb8%\u00bb top_padding_phone=\u00bb7%\u00bb constrain_group_5=\u00bbyes\u00bb bottom_padding_phone=\u00bb7%\u00bb text_color=\u00bbdark\u00bb text_align=\u00bbleft\u00bb row_border_radius=\u00bbnone\u00bb row_border_radius_applies=\u00bbbg\u00bb overflow=\u00bbvisible\u00bb advanced_gradient_angle=\u00bb0&#8243; overlay_strength=\u00bb0.3&#8243; gradient_direction=\u00bbleft_to_right\u00bb shape_divider_position=\u00bbbottom\u00bb bg_image_animation=\u00bbnone\u00bb gradient_type=\u00bbdefault\u00bb shape_type=\u00bb\u00bb][vc_column column_padding=\u00bbpadding-5-percent\u00bb column_padding_tablet=\u00bbinherit\u00bb column_padding_phone=\u00bbinherit\u00bb column_padding_position=\u00bbleft-right\u00bb top_margin_tablet=\u00bb15%\u00bb constrain_group_3=\u00bbyes\u00bb bottom_margin_tablet=\u00bb15%\u00bb top_margin_phone=\u00bb15%\u00bb constrain_group_5=\u00bbyes\u00bb bottom_margin_phone=\u00bb15%\u00bb column_element_direction_desktop=\u00bbdefault\u00bb column_element_spacing=\u00bb0px\u00bb desktop_text_alignment=\u00bbdefault\u00bb tablet_text_alignment=\u00bbdefault\u00bb phone_text_alignment=\u00bbdefault\u00bb background_color_opacity=\u00bb1&#8243; background_hover_color_opacity=\u00bb1&#8243; column_backdrop_filter=\u00bbnone\u00bb column_shadow=\u00bbnone\u00bb column_border_radius=\u00bb20px\u00bb column_link_target=\u00bb_self\u00bb column_position=\u00bbrelative\u00bb advanced_gradient_angle=\u00bb180&#8243; width=\u00bb1\/2&#8243; tablet_width_inherit=\u00bbdefault\u00bb animation_type=\u00bbdefault\u00bb bg_image_animation=\u00bbnone\u00bb border_type=\u00bbsimple\u00bb column_border_width=\u00bbnone\u00bb column_border_style=\u00bbsolid\u00bb gradient_type=\u00bbadvanced\u00bb advanced_gradient_display_type=\u00bblinear\u00bb column_padding_type=\u00bbdefault\u00bb][image_with_animation image_url=\u00bb5086&#8243; image_size=\u00bbfull\u00bb animation_type=\u00bbentrance\u00bb animation=\u00bbNone\u00bb animation_movement_type=\u00bbtransform_y\u00bb hover_animation=\u00bbnone\u00bb alignment=\u00bbcenter\u00bb border_radius=\u00bb20px\u00bb box_shadow=\u00bbnone\u00bb image_loading=\u00bbdefault\u00bb max_width=\u00bb100%\u00bb max_width_mobile=\u00bbdefault\u00bb][\/vc_column][vc_column left_padding_desktop=\u00bb7vw\u00bb column_element_direction_desktop=\u00bbdefault\u00bb column_element_spacing=\u00bb30px\u00bb desktop_text_alignment=\u00bbdefault\u00bb tablet_text_alignment=\u00bbdefault\u00bb phone_text_alignment=\u00bbdefault\u00bb background_color_opacity=\u00bb1&#8243; background_hover_color_opacity=\u00bb1&#8243; column_backdrop_filter=\u00bbnone\u00bb column_shadow=\u00bbnone\u00bb column_border_radius=\u00bbnone\u00bb column_link_target=\u00bb_self\u00bb column_position=\u00bbstatic\u00bb advanced_gradient_angle=\u00bb0&#8243; gradient_direction=\u00bbleft_to_right\u00bb overlay_strength=\u00bb0.3&#8243; width=\u00bb1\/2&#8243; tablet_width_inherit=\u00bbdefault\u00bb animation_type=\u00bbdefault\u00bb bg_image_animation=\u00bbnone\u00bb border_type=\u00bbsimple\u00bb column_border_width=\u00bbnone\u00bb column_border_style=\u00bbsolid\u00bb gradient_type=\u00bbdefault\u00bb column_padding_type=\u00bbadvanced\u00bb][vc_column_inner column_padding=\u00bbno-extra-padding\u00bb column_padding_tablet=\u00bbinherit\u00bb column_padding_phone=\u00bbinherit\u00bb column_padding_position=\u00bball\u00bb right_margin=\u00bb5%\u00bb column_element_direction_desktop=\u00bbdefault\u00bb column_element_spacing=\u00bbdefault\u00bb desktop_text_alignment=\u00bbdefault\u00bb tablet_text_alignment=\u00bbdefault\u00bb phone_text_alignment=\u00bbdefault\u00bb background_color_opacity=\u00bb1&#8243; background_hover_color_opacity=\u00bb1&#8243; column_backdrop_filter=\u00bbnone\u00bb column_shadow=\u00bbnone\u00bb column_border_radius=\u00bbnone\u00bb column_link_target=\u00bb_self\u00bb overflow=\u00bbvisible\u00bb advanced_gradient_angle=\u00bb0&#8243; gradient_direction=\u00bbleft_to_right\u00bb overlay_strength=\u00bb0.3&#8243; width=\u00bb1\/1&#8243; tablet_width_inherit=\u00bbdefault\u00bb animation_type=\u00bbdefault\u00bb bg_image_animation=\u00bbnone\u00bb border_type=\u00bbsimple\u00bb column_border_width=\u00bbnone\u00bb column_border_style=\u00bbsolid\u00bb gradient_type=\u00bbdefault\u00bb column_padding_type=\u00bbdefault\u00bb][\/vc_column_inner][split_line_heading animation_type=\u00bbline-reveal-by-space\u00bb font_style=\u00bbh1&#8243; font_size_max=\u00bb50px\u00bb line_reveal_by_space_text_effect=\u00bbdefault\u00bb stagger_animation=\u00bbtrue\u00bb mobile_disable_animation=\u00bbtrue\u00bb content_alignment=\u00bbdefault\u00bb mobile_content_alignment=\u00bbinherit\u00bb link_target=\u00bb_self\u00bb text_content=\u00bbTri\u00e1ngulo de identificaci\u00f3n de la fuente de radiaci\u00f3n ionizante\u00bb font_size=\u00bb2vw\u00bb font_line_height=\u00bb1.3&#8243; text_direction=\u00bbdefault\u00bb][\/split_line_heading][vc_column_text css=\u00bb\u00bb text_direction=\u00bbdefault\u00bb]<strong>Dimensiones (alto x ancho<\/strong> ): 7,3 x 7,3[\/vc_column_text][\/vc_column][\/vc_row]\n","protected":false},"excerpt":{"rendered":"<p>[vc_row type=\u00bbfull_width_background\u00bb full_screen_row_position=\u00bbmiddle\u00bb column_margin=\u00bbnone\u00bb equal_height=\u00bbyes\u00bb content_placement=\u00bbmiddle\u00bb column_direction=\u00bbdefault\u00bb column_direction_tablet=\u00bbdefault\u00bb column_direction_phone=\u00bbdefault\u00bb bg_color=\u00bb#f0f2f6&#8243; scene_position=\u00bbcenter\u00bb top_padding=\u00bb8%\u00bb bottom_padding=\u00bb8%\u00bb constrain_group_2=\u00bbyes\u00bb top_padding_tablet=\u00bb8%\u00bb constrain_group_3=\u00bbyes\u00bb bottom_padding_tablet=\u00bb8%\u00bb top_padding_phone=\u00bb7%\u00bb constrain_group_5=\u00bbyes\u00bb bottom_padding_phone=\u00bb7%\u00bb text_color=\u00bbdark\u00bb text_align=\u00bbleft\u00bb row_border_radius=\u00bbnone\u00bb row_border_radius_applies=\u00bbbg\u00bb overflow=\u00bbvisible\u00bb advanced_gradient_angle=\u00bb0&#8243; overlay_strength=\u00bb0.3&#8243; gradient_direction=\u00bbleft_to_right\u00bb shape_divider_position=\u00bbbottom\u00bb bg_image_animation=\u00bbnone\u00bb&#8230;<\/p>\n","protected":false},"author":1,"featured_media":0,"parent":4167,"menu_order":2,"comment_status":"closed","ping_status":"closed","template":"","meta":{"footnotes":""},"class_list":["post-5115","page","type-page","status-publish"],"yoast_head":"<!-- This site is optimized with the Yoast SEO plugin v27.5 - https:\/\/yoast.com\/product\/yoast-seo-wordpress\/ -->\n<title>Se\u00f1alizaci\u00f3n - BIOMEDIQA GROUPE<\/title>\n<meta name=\"robots\" content=\"index, follow, max-snippet:-1, max-image-preview:large, max-video-preview:-1\" \/>\n<link rel=\"canonical\" href=\"https:\/\/www.biomediqa.com\/es\/medicina-nuclear\/signaletique\/\" \/>\n<meta property=\"og:locale\" content=\"es_ES\" \/>\n<meta property=\"og:type\" content=\"article\" \/>\n<meta property=\"og:title\" content=\"Se\u00f1alizaci\u00f3n - BIOMEDIQA GROUPE\" \/>\n<meta property=\"og:description\" content=\"[vc_row type=\u00bbfull_width_background\u00bb full_screen_row_position=\u00bbmiddle\u00bb column_margin=\u00bbnone\u00bb equal_height=\u00bbyes\u00bb content_placement=\u00bbmiddle\u00bb column_direction=\u00bbdefault\u00bb column_direction_tablet=\u00bbdefault\u00bb column_direction_phone=\u00bbdefault\u00bb bg_color=\u00bb#f0f2f6&#8243; scene_position=\u00bbcenter\u00bb top_padding=\u00bb8%\u00bb bottom_padding=\u00bb8%\u00bb constrain_group_2=\u00bbyes\u00bb top_padding_tablet=\u00bb8%\u00bb constrain_group_3=\u00bbyes\u00bb bottom_padding_tablet=\u00bb8%\u00bb top_padding_phone=\u00bb7%\u00bb constrain_group_5=\u00bbyes\u00bb bottom_padding_phone=\u00bb7%\u00bb text_color=\u00bbdark\u00bb text_align=\u00bbleft\u00bb row_border_radius=\u00bbnone\u00bb row_border_radius_applies=\u00bbbg\u00bb overflow=\u00bbvisible\u00bb advanced_gradient_angle=\u00bb0&#8243; overlay_strength=\u00bb0.3&#8243; gradient_direction=\u00bbleft_to_right\u00bb shape_divider_position=\u00bbbottom\u00bb bg_image_animation=\u00bbnone\u00bb...\" \/>\n<meta property=\"og:url\" content=\"https:\/\/www.biomediqa.com\/es\/medicina-nuclear\/signaletique\/\" \/>\n<meta property=\"og:site_name\" content=\"BIOMEDIQA GROUPE\" \/>\n<meta property=\"article:publisher\" content=\"https:\/\/www.linkedin.com\/company\/biomediqa-groupe\" \/>\n<meta property=\"article:modified_time\" content=\"2024-06-28T13:00:59+00:00\" \/>\n<meta property=\"og:image\" content=\"https:\/\/www.biomediqa.com\/wp-content\/uploads\/2023\/07\/1697553716089.jpg\" \/>\n\t<meta property=\"og:image:width\" content=\"720\" \/>\n\t<meta property=\"og:image:height\" content=\"543\" \/>\n\t<meta property=\"og:image:type\" content=\"image\/jpeg\" \/>\n<meta name=\"twitter:card\" content=\"summary_large_image\" \/>\n<meta name=\"twitter:label1\" content=\"Tiempo de lectura\" \/>\n\t<meta name=\"twitter:data1\" content=\"6 minutos\" \/>\n<script type=\"application\/ld+json\" class=\"yoast-schema-graph\">{\"@context\":\"https:\\\/\\\/schema.org\",\"@graph\":[{\"@type\":\"WebPage\",\"@id\":\"https:\\\/\\\/www.biomediqa.com\\\/es\\\/medicina-nuclear\\\/signaletique\\\/\",\"url\":\"https:\\\/\\\/www.biomediqa.com\\\/es\\\/medicina-nuclear\\\/signaletique\\\/\",\"name\":\"Se\u00f1alizaci\u00f3n - BIOMEDIQA GROUPE\",\"isPartOf\":{\"@id\":\"https:\\\/\\\/www.biomediqa.com\\\/#website\"},\"datePublished\":\"2024-06-26T20:59:20+00:00\",\"dateModified\":\"2024-06-28T13:00:59+00:00\",\"breadcrumb\":{\"@id\":\"https:\\\/\\\/www.biomediqa.com\\\/es\\\/medicina-nuclear\\\/signaletique\\\/#breadcrumb\"},\"inLanguage\":\"es\",\"potentialAction\":[{\"@type\":\"ReadAction\",\"target\":[\"https:\\\/\\\/www.biomediqa.com\\\/es\\\/medicina-nuclear\\\/signaletique\\\/\"]}]},{\"@type\":\"BreadcrumbList\",\"@id\":\"https:\\\/\\\/www.biomediqa.com\\\/es\\\/medicina-nuclear\\\/signaletique\\\/#breadcrumb\",\"itemListElement\":[{\"@type\":\"ListItem\",\"position\":1,\"name\":\"Accueil\",\"item\":\"https:\\\/\\\/www.biomediqa.com\\\/es\\\/bienvenido\\\/\"},{\"@type\":\"ListItem\",\"position\":2,\"name\":\"Medicina nuclear\",\"item\":\"https:\\\/\\\/www.biomediqa.com\\\/es\\\/medicina-nuclear\\\/\"},{\"@type\":\"ListItem\",\"position\":3,\"name\":\"Se\u00f1alizaci\u00f3n\"}]},{\"@type\":\"WebSite\",\"@id\":\"https:\\\/\\\/www.biomediqa.com\\\/#website\",\"url\":\"https:\\\/\\\/www.biomediqa.com\\\/\",\"name\":\"BIOMEDIQA GROUPE\",\"description\":\"L&#039;innovation au service de la physique m\u00e9dicale et de la radioprotection\",\"publisher\":{\"@id\":\"https:\\\/\\\/www.biomediqa.com\\\/#organization\"},\"alternateName\":\"Leader en Radioprotection, Physique M\u00e9dicale et Contr\u00f4le de Qualit\u00e9 Interne.\",\"potentialAction\":[{\"@type\":\"SearchAction\",\"target\":{\"@type\":\"EntryPoint\",\"urlTemplate\":\"https:\\\/\\\/www.biomediqa.com\\\/?s={search_term_string}\"},\"query-input\":{\"@type\":\"PropertyValueSpecification\",\"valueRequired\":true,\"valueName\":\"search_term_string\"}}],\"inLanguage\":\"es\"},{\"@type\":\"Organization\",\"@id\":\"https:\\\/\\\/www.biomediqa.com\\\/#organization\",\"name\":\"Leader en Radioprotection, Physique M\u00e9dicale et Contr\u00f4le de Qualit\u00e9 Interne. Radiologie, M\u00e9decine nucl\u00e9aire, Radiologie dentaire, Radioth\u00e9rapie, Innovation et R&D et formation.\",\"alternateName\":\"BIOMEDIQA\",\"url\":\"https:\\\/\\\/www.biomediqa.com\\\/\",\"logo\":{\"@type\":\"ImageObject\",\"inLanguage\":\"es\",\"@id\":\"https:\\\/\\\/www.biomediqa.com\\\/#\\\/schema\\\/logo\\\/image\\\/\",\"url\":\"https:\\\/\\\/www.biomediqa.com\\\/wp-content\\\/uploads\\\/2023\\\/10\\\/cropped-picto-biomediqa.png\",\"contentUrl\":\"https:\\\/\\\/www.biomediqa.com\\\/wp-content\\\/uploads\\\/2023\\\/10\\\/cropped-picto-biomediqa.png\",\"width\":512,\"height\":512,\"caption\":\"Leader en Radioprotection, Physique M\u00e9dicale et Contr\u00f4le de Qualit\u00e9 Interne. Radiologie, M\u00e9decine nucl\u00e9aire, Radiologie dentaire, Radioth\u00e9rapie, Innovation et R&D et formation.\"},\"image\":{\"@id\":\"https:\\\/\\\/www.biomediqa.com\\\/#\\\/schema\\\/logo\\\/image\\\/\"},\"sameAs\":[\"https:\\\/\\\/www.linkedin.com\\\/company\\\/biomediqa-groupe\",\"https:\\\/\\\/www.youtube.com\\\/channel\\\/UCdF_3LWZbFEdt8-j2JrJGgg\",\"https:\\\/\\\/www.instagram.com\\\/biomediqagroupe\"]}]}<\/script>\n<!-- \/ Yoast SEO plugin. -->","yoast_head_json":{"title":"Se\u00f1alizaci\u00f3n - BIOMEDIQA GROUPE","robots":{"index":"index","follow":"follow","max-snippet":"max-snippet:-1","max-image-preview":"max-image-preview:large","max-video-preview":"max-video-preview:-1"},"canonical":"https:\/\/www.biomediqa.com\/es\/medicina-nuclear\/signaletique\/","og_locale":"es_ES","og_type":"article","og_title":"Se\u00f1alizaci\u00f3n - BIOMEDIQA GROUPE","og_description":"[vc_row type=\u00bbfull_width_background\u00bb full_screen_row_position=\u00bbmiddle\u00bb column_margin=\u00bbnone\u00bb equal_height=\u00bbyes\u00bb content_placement=\u00bbmiddle\u00bb column_direction=\u00bbdefault\u00bb column_direction_tablet=\u00bbdefault\u00bb column_direction_phone=\u00bbdefault\u00bb bg_color=\u00bb#f0f2f6&#8243; scene_position=\u00bbcenter\u00bb top_padding=\u00bb8%\u00bb bottom_padding=\u00bb8%\u00bb constrain_group_2=\u00bbyes\u00bb top_padding_tablet=\u00bb8%\u00bb constrain_group_3=\u00bbyes\u00bb bottom_padding_tablet=\u00bb8%\u00bb top_padding_phone=\u00bb7%\u00bb constrain_group_5=\u00bbyes\u00bb bottom_padding_phone=\u00bb7%\u00bb text_color=\u00bbdark\u00bb text_align=\u00bbleft\u00bb row_border_radius=\u00bbnone\u00bb row_border_radius_applies=\u00bbbg\u00bb overflow=\u00bbvisible\u00bb advanced_gradient_angle=\u00bb0&#8243; overlay_strength=\u00bb0.3&#8243; gradient_direction=\u00bbleft_to_right\u00bb shape_divider_position=\u00bbbottom\u00bb bg_image_animation=\u00bbnone\u00bb...","og_url":"https:\/\/www.biomediqa.com\/es\/medicina-nuclear\/signaletique\/","og_site_name":"BIOMEDIQA GROUPE","article_publisher":"https:\/\/www.linkedin.com\/company\/biomediqa-groupe","article_modified_time":"2024-06-28T13:00:59+00:00","og_image":[{"width":720,"height":543,"url":"https:\/\/www.biomediqa.com\/wp-content\/uploads\/2023\/07\/1697553716089.jpg","type":"image\/jpeg"}],"twitter_card":"summary_large_image","twitter_misc":{"Tiempo de lectura":"6 minutos"},"schema":{"@context":"https:\/\/schema.org","@graph":[{"@type":"WebPage","@id":"https:\/\/www.biomediqa.com\/es\/medicina-nuclear\/signaletique\/","url":"https:\/\/www.biomediqa.com\/es\/medicina-nuclear\/signaletique\/","name":"Se\u00f1alizaci\u00f3n - BIOMEDIQA GROUPE","isPartOf":{"@id":"https:\/\/www.biomediqa.com\/#website"},"datePublished":"2024-06-26T20:59:20+00:00","dateModified":"2024-06-28T13:00:59+00:00","breadcrumb":{"@id":"https:\/\/www.biomediqa.com\/es\/medicina-nuclear\/signaletique\/#breadcrumb"},"inLanguage":"es","potentialAction":[{"@type":"ReadAction","target":["https:\/\/www.biomediqa.com\/es\/medicina-nuclear\/signaletique\/"]}]},{"@type":"BreadcrumbList","@id":"https:\/\/www.biomediqa.com\/es\/medicina-nuclear\/signaletique\/#breadcrumb","itemListElement":[{"@type":"ListItem","position":1,"name":"Accueil","item":"https:\/\/www.biomediqa.com\/es\/bienvenido\/"},{"@type":"ListItem","position":2,"name":"Medicina nuclear","item":"https:\/\/www.biomediqa.com\/es\/medicina-nuclear\/"},{"@type":"ListItem","position":3,"name":"Se\u00f1alizaci\u00f3n"}]},{"@type":"WebSite","@id":"https:\/\/www.biomediqa.com\/#website","url":"https:\/\/www.biomediqa.com\/","name":"BIOMEDIQA GROUPE","description":"L&#039;innovation au service de la physique m\u00e9dicale et de la radioprotection","publisher":{"@id":"https:\/\/www.biomediqa.com\/#organization"},"alternateName":"Leader en Radioprotection, Physique M\u00e9dicale et Contr\u00f4le de Qualit\u00e9 Interne.","potentialAction":[{"@type":"SearchAction","target":{"@type":"EntryPoint","urlTemplate":"https:\/\/www.biomediqa.com\/?s={search_term_string}"},"query-input":{"@type":"PropertyValueSpecification","valueRequired":true,"valueName":"search_term_string"}}],"inLanguage":"es"},{"@type":"Organization","@id":"https:\/\/www.biomediqa.com\/#organization","name":"Leader en Radioprotection, Physique M\u00e9dicale et Contr\u00f4le de Qualit\u00e9 Interne. Radiologie, M\u00e9decine nucl\u00e9aire, Radiologie dentaire, Radioth\u00e9rapie, Innovation et R&D et formation.","alternateName":"BIOMEDIQA","url":"https:\/\/www.biomediqa.com\/","logo":{"@type":"ImageObject","inLanguage":"es","@id":"https:\/\/www.biomediqa.com\/#\/schema\/logo\/image\/","url":"https:\/\/www.biomediqa.com\/wp-content\/uploads\/2023\/10\/cropped-picto-biomediqa.png","contentUrl":"https:\/\/www.biomediqa.com\/wp-content\/uploads\/2023\/10\/cropped-picto-biomediqa.png","width":512,"height":512,"caption":"Leader en Radioprotection, Physique M\u00e9dicale et Contr\u00f4le de Qualit\u00e9 Interne. Radiologie, M\u00e9decine nucl\u00e9aire, Radiologie dentaire, Radioth\u00e9rapie, Innovation et R&D et formation."},"image":{"@id":"https:\/\/www.biomediqa.com\/#\/schema\/logo\/image\/"},"sameAs":["https:\/\/www.linkedin.com\/company\/biomediqa-groupe","https:\/\/www.youtube.com\/channel\/UCdF_3LWZbFEdt8-j2JrJGgg","https:\/\/www.instagram.com\/biomediqagroupe"]}]}},"_links":{"self":[{"href":"https:\/\/www.biomediqa.com\/es\/wp-json\/wp\/v2\/pages\/5115","targetHints":{"allow":["GET"]}}],"collection":[{"href":"https:\/\/www.biomediqa.com\/es\/wp-json\/wp\/v2\/pages"}],"about":[{"href":"https:\/\/www.biomediqa.com\/es\/wp-json\/wp\/v2\/types\/page"}],"author":[{"embeddable":true,"href":"https:\/\/www.biomediqa.com\/es\/wp-json\/wp\/v2\/users\/1"}],"replies":[{"embeddable":true,"href":"https:\/\/www.biomediqa.com\/es\/wp-json\/wp\/v2\/comments?post=5115"}],"version-history":[{"count":6,"href":"https:\/\/www.biomediqa.com\/es\/wp-json\/wp\/v2\/pages\/5115\/revisions"}],"predecessor-version":[{"id":5124,"href":"https:\/\/www.biomediqa.com\/es\/wp-json\/wp\/v2\/pages\/5115\/revisions\/5124"}],"up":[{"embeddable":true,"href":"https:\/\/www.biomediqa.com\/es\/wp-json\/wp\/v2\/pages\/4167"}],"wp:attachment":[{"href":"https:\/\/www.biomediqa.com\/es\/wp-json\/wp\/v2\/media?parent=5115"}],"curies":[{"name":"wp","href":"https:\/\/api.w.org\/{rel}","templated":true}]}}