{"id":4775,"date":"2024-03-14T10:04:06","date_gmt":"2024-03-14T09:04:06","guid":{"rendered":"https:\/\/www.biomediqa.com\/grupo-biomediqa\/conditions-generales-de-vente\/"},"modified":"2024-03-14T10:20:35","modified_gmt":"2024-03-14T09:20:35","slug":"condiciones-generales-de-venta","status":"publish","type":"page","link":"https:\/\/www.biomediqa.com\/es\/grupo-biomediqa\/condiciones-generales-de-venta\/","title":{"rendered":"Condiciones Generales de Venta"},"content":{"rendered":"[vc_row type=\u00bbfull_width_content\u00bb full_screen_row_position=\u00bbmiddle\u00bb column_margin=\u00bbdefault\u00bb equal_height=\u00bbyes\u00bb content_placement=\u00bbmiddle\u00bb column_direction=\u00bbdefault\u00bb column_direction_tablet=\u00bbdefault\u00bb column_direction_phone=\u00bbdefault\u00bb scene_position=\u00bbcenter\u00bb top_padding=\u00bb12%\u00bb bottom_padding=\u00bb15%\u00bb left_padding_desktop=\u00bb27vw\u00bb constrain_group_2=\u00bbyes\u00bb right_padding_desktop=\u00bb27vw\u00bb bottom_padding_tablet=\u00bb12%\u00bb left_padding_tablet=\u00bb20vw\u00bb constrain_group_4=\u00bbyes\u00bb right_padding_tablet=\u00bb20vw\u00bb left_padding_phone=\u00bb7vw\u00bb constrain_group_6=\u00bbyes\u00bb right_padding_phone=\u00bb7vw\u00bb text_color=\u00bbdark\u00bb text_align=\u00bbleft\u00bb row_border_radius=\u00bbnone\u00bb row_border_radius_applies=\u00bbbg\u00bb overflow=\u00bbvisible\u00bb advanced_gradient_angle=\u00bb0&#8243; overlay_strength=\u00bb0.3&#8243; gradient_direction=\u00bbleft_to_right\u00bb shape_divider_position=\u00bbbottom\u00bb bg_image_animation=\u00bbnone\u00bb gradient_type=\u00bbdefault\u00bb shape_type=\u00bb\u00bb][vc_column column_element_direction_desktop=\u00bbdefault\u00bb column_element_spacing=\u00bb0px\u00bb desktop_text_alignment=\u00bbdefault\u00bb tablet_text_alignment=\u00bbdefault\u00bb phone_text_alignment=\u00bbdefault\u00bb background_color_opacity=\u00bb1&#8243; background_hover_color_opacity=\u00bb1&#8243; column_backdrop_filter=\u00bbnone\u00bb column_shadow=\u00bbnone\u00bb column_border_radius=\u00bbnone\u00bb column_link_target=\u00bb_self\u00bb column_position=\u00bbstatic\u00bb advanced_gradient_angle=\u00bb65&#8243; width=\u00bb1\/1&#8243; tablet_width_inherit=\u00bbdefault\u00bb animation_type=\u00bbdefault\u00bb bg_image_animation=\u00bbnone\u00bb border_type=\u00bbsimple\u00bb column_border_width=\u00bbnone\u00bb column_border_style=\u00bbsolid\u00bb column_padding_type=\u00bbadvanced\u00bb gradient_type=\u00bbadvanced\u00bb advanced_gradient_display_type=\u00bblinear\u00bb][vc_row_inner column_margin=\u00bbdefault\u00bb column_direction=\u00bbdefault\u00bb column_direction_tablet=\u00bbdefault\u00bb column_direction_phone=\u00bbdefault\u00bb text_align=\u00bbleft\u00bb row_position=\u00bbdefault\u00bb row_position_tablet=\u00bbinherit\u00bb row_position_phone=\u00bbinherit\u00bb overflow=\u00bbvisible\u00bb pointer_events=\u00bball\u00bb][vc_column_inner column_padding=\u00bbno-extra-padding\u00bb column_padding_tablet=\u00bbinherit\u00bb column_padding_phone=\u00bbinherit\u00bb column_padding_position=\u00bball\u00bb column_element_direction_desktop=\u00bbdefault\u00bb column_element_spacing=\u00bbdefault\u00bb desktop_text_alignment=\u00bbdefault\u00bb tablet_text_alignment=\u00bbdefault\u00bb phone_text_alignment=\u00bbdefault\u00bb background_color_opacity=\u00bb1&#8243; background_hover_color_opacity=\u00bb1&#8243; column_backdrop_filter=\u00bbnone\u00bb column_shadow=\u00bbnone\u00bb column_border_radius=\u00bbnone\u00bb column_link_target=\u00bb_self\u00bb overflow=\u00bbvisible\u00bb gradient_direction=\u00bbleft_to_right\u00bb overlay_strength=\u00bb0.3&#8243; width=\u00bb1\/1&#8243; tablet_width_inherit=\u00bbdefault\u00bb animation_type=\u00bbdefault\u00bb bg_image_animation=\u00bbnone\u00bb border_type=\u00bbsimple\u00bb column_border_width=\u00bbnone\u00bb column_border_style=\u00bbsolid\u00bb column_padding_type=\u00bbdefault\u00bb gradient_type=\u00bbdefault\u00bb][vc_column_text text_direction=\u00bbdefault\u00bb]Nuestras intervenciones y servicios est\u00e1n sujetos a las presentes condiciones generales de venta, salvo renuncia expresa y por escrito de BIOMEDIQA.<\/p>\n<h4>Art\u00edculo 1 &#8211; OBLIGACIONES DE BIOMEDIQA<\/h4>\n<p>Se elabora una propuesta de prestaci\u00f3n para cada encargo solicitado por el cliente. Tiene una validez de un mes a partir de la fecha de emisi\u00f3n.<\/p>\n<p>Las intervenciones de BIOMEDIQA no sustituyen las actividades de los fabricantes o instaladores, ni las prestaciones de las empresas o servicios t\u00e9cnicos o biom\u00e9dicos encargados de la gesti\u00f3n, el funcionamiento, el servicio o el mantenimiento de los aparatos.<\/p>\n<p>Cuando las prestaciones de BIOMEDIQA incluyen la verificaci\u00f3n de equipos o instalaciones, \u00e9sta se efect\u00faa mediante ex\u00e1menes visuales y mediciones realizadas con equipos de ensayos no destructivos suministrados por BIOMEDIQA, cuya verificaci\u00f3n y calibraci\u00f3n peri\u00f3dicas y reglamentarias est\u00e1n aseguradas por BIOMEDIQA.<\/p>\n<p>Estas comprobaciones s\u00f3lo afectan a las partes visibles y accesibles en el momento de la intervenci\u00f3n del equipo t\u00e9cnico de BIOMEDIQA, que no realiza ning\u00fan desmontaje ni sondeo destructivo, interconexi\u00f3n o modificaci\u00f3n de las caracter\u00edsticas de los equipos comprobados.<\/p>\n<p>Cualquiera que sea el servicio prestado, no es responsabilidad de BIOMEDIQA asegurarse de que los dict\u00e1menes que ha emitido sean seguidos de acciones o de tomar las medidas necesarias para eliminar las no conformidades comunicadas.<\/p>\n<p>El equipo t\u00e9cnico de BIOMEDIQA lleva a cabo sus tareas de conformidad con las disposiciones del presente contrato.<\/p>\n<p>Las intervenciones dan lugar a la firma, en su caso, por el representante de BIOMEDIQA del registro de operaciones que debe presentarle el cliente. Los operarios de BIOMEDIQA acudir\u00e1n a las instalaciones del cliente con su propio dos\u00edmetro de lectura retardada y, en su caso, con su propio dos\u00edmetro operativo.<\/p>\n<h4>Art\u00edculo 2 &#8211; OBLIGACIONES DEL CLIENTE<\/h4>\n<p>Antes del inicio de la primera operaci\u00f3n en un establecimiento, el operario de BIOMEDIQA deber\u00e1 presentarse ante el jefe del establecimiento o su representante. Ambos realizar\u00e1n una inspecci\u00f3n conjunta de los lugares de trabajo afectados por la intervenci\u00f3n y de las v\u00edas de acceso a los mismos.<\/p>\n<p>Durante esta conversaci\u00f3n previa, tambi\u00e9n se comunicar\u00e1n las instrucciones vigentes en el establecimiento que deber\u00e1n cumplir los operarios de BIOMEDIQA. El personal cualificado de BIOMEDIQA tiene acceso a los locales y al material m\u00e9dico en el marco de sus funciones y respetando la intimidad y la confidencialidad de los pacientes.<\/p>\n<p>Es responsabilidad del cliente facilitar a BIOMEDIQA los planos de las instalaciones que obren en su poder, necesarios para el cumplimiento de la misi\u00f3n.<\/p>\n<p>El cliente deber\u00e1 designar un acompa\u00f1ante cualificado que sea capaz de :<\/p>\n<p>Realizar o hacer realizar las operaciones necesarias para la intervenci\u00f3n de BIOMEDIQA,<br \/>\nAdoptar todas las medidas necesarias para garantizar la correcta ejecuci\u00f3n de los trabajos,<br \/>\nFacilitar el acceso a las instalaciones, equipos y aparatos,<br \/>\nGarantizar el funcionamiento y la preparaci\u00f3n de la instalaci\u00f3n cuando sea necesario,<br \/>\nRespetar la fecha y hora de la cita acordada,<br \/>\nFirmar la orden de trabajo al final del trabajo.<\/p>\n<p>Cualquiera que sea la naturaleza de su misi\u00f3n, BIOMEDIQA nunca puede hacerse cargo de las instalaciones objeto del contrato.<\/p>\n<p>Esto significa que el cliente conserva la custodia durante toda la misi\u00f3n de BIOMEDIQA, y que BIOMEDIQA no es responsable de la puesta en servicio de la instalaci\u00f3n tras la misi\u00f3n.<\/p>\n<p>Cualquier intervenci\u00f3n adicional in situ (excluidos los peritajes mencionados en el contrato) se facturar\u00e1 de la siguiente manera:<\/p>\n<p>Precio fijo por \u00bd d\u00eda: 600,00 euros sin IVA (m\u00e1s gastos de desplazamiento).<br \/>\nPrecio fijo por 1 d\u00eda: 950,00 euros sin IVA (m\u00e1s gastos de desplazamiento).<\/p>\n<p>Las condiciones de precio se garantizan siempre que se cumplan las condiciones anteriores.<\/p>\n<p>En caso de que no se cumplan las condiciones y\/o de que el t\u00e9cnico ya se encuentre in situ (equipos no disponibles, aver\u00eda, imprevistos que impidan la intervenci\u00f3n), se facturar\u00e1 una tarifa fija de desplazamiento de 350 euros sin IVA.<\/p>\n<h4>Art\u00edculo 3 &#8211; CONDICIONES DE PAGO<\/h4>\n<p>Las facturas emitidas por BIOMEDIQA son pagaderas netas, sin descuento, en un plazo de 30 d\u00edas a partir de su emisi\u00f3n, para los establecimientos privados.<\/p>\n<p>En el caso de los establecimientos p\u00fablicos, las facturas emitidas por BIOMEDIQA son pagaderas netas, sin descuento, de conformidad con las normas de contabilidad p\u00fablica, dentro de los 50 d\u00edas siguientes a la recepci\u00f3n de la factura.<\/p>\n<p>Cualquier retraso en el pago dar\u00e1 lugar autom\u00e1ticamente y sin previo aviso a la aplicaci\u00f3n de una penalizaci\u00f3n por demora equivalente a 1,5 veces el tipo de inter\u00e9s legal. Dichas penalizaciones se aplicar\u00e1n desde el d\u00eda siguiente a la fecha de vencimiento del pago hasta el d\u00eda en que las sumas debidas se abonen \u00edntegramente, debiendo pagarse \u00edntegramente cualquier mes natural comenzado.<\/p>\n<h4>Art\u00edculo 4 &#8211; PLAZOS DE INTERVENCI\u00d3N<\/h4>\n<p>Los plazos de intervenci\u00f3n se acuerdan previamente entre el cliente y BIOMEDIQA.<\/p>\n<p>Cualquiera de las dos partes que inicie un aplazamiento informar\u00e1 a la otra al menos dos semanas antes de la fecha prevista.<\/p>\n<p>En su defecto, nos reservamos el derecho de facturar los gastos ocasionados.<\/p>\n<h4>Art\u00edculo 5 &#8211; RESPONSABILIDAD<\/h4>\n<p>BIOMEDIQA se compromete a realizar las prestaciones de las que es responsable de conformidad con las mejores pr\u00e1cticas de su profesi\u00f3n. No obstante, si la responsabilidad de BIOMEDIQA se reconoce con respecto a una prestaci\u00f3n realizada en los tres meses siguientes a su finalizaci\u00f3n, la indemnizaci\u00f3n que podr\u00e1 abonarse al cliente no superar\u00e1 en ning\u00fan caso el precio correspondiente a la prestaci\u00f3n y en proporci\u00f3n al tiempo empleado en el aparato objeto del litigio, tom\u00e1ndose como prueba la orden de intervenci\u00f3n.<\/p>\n<p>En ning\u00fan caso BIOMEDIQ ser\u00e1 responsable en caso de utilizaci\u00f3n de los equipos o instalaciones para fines que no hayan sido comunicados a BIOMEDIQ.<\/p>\n<p>Asimismo, BIOMEDIQA no asume en ning\u00fan momento la custodia de las instalaciones o equipos sometidos a controles, pruebas o ensayos.<\/p>\n<p>Por consiguiente, es responsabilidad exclusiva del cliente tomar todas las medidas necesarias para garantizar en todo momento la seguridad de las personas y de los bienes.<\/p>\n<h4>Art\u00edculo 6 &#8211; CONFIDENCIALIDAD<\/h4>\n<p>Toda la informaci\u00f3n que pertenezca a una de las partes y de la que la otra parte tenga conocimiento durante la fase precontractual y durante la ejecuci\u00f3n del encargo se considerar\u00e1 informaci\u00f3n confidencial y no podr\u00e1 publicarse ni divulgarse a terceros sin la autorizaci\u00f3n previa por escrito de la parte propietaria de dicha informaci\u00f3n.<\/p>\n<p>La obligaci\u00f3n de confidencialidad permanecer\u00e1 en vigor tras la expiraci\u00f3n o resoluci\u00f3n del contrato.<\/p>\n<h4>Art\u00edculo 7 &#8211; PROPIEDAD INTELECTUAL<\/h4>\n<p>El cliente es el propietario del informe proporcionado por BIOMEDIQA al final de su servicio. Los procesos t\u00e9cnicos dise\u00f1ados y utilizados (incluido el sistema de calidad), as\u00ed como los conocimientos (patentes, know-how, software, etc.) implementados por BIOMEDIQA (o sus proveedores de servicios) para llevar a cabo los servicios forman parte del patrimonio propio de BIOMEDIQA y siguen siendo de su propiedad.<\/p>\n<h4>Art\u00edculo 8 &#8211; ATRIBUCI\u00d3N DE LA JURISDICCI\u00d3N<\/h4>\n<p>Salvo disposici\u00f3n legal en contrario, cualquier litigio ser\u00e1 competencia exclusiva del Tribunal de Comercio de LILLE, que aplicar\u00e1 la legislaci\u00f3n francesa.[\/vc_column_text][\/vc_column_inner][\/vc_row_inner][\/vc_column][\/vc_row]\n","protected":false},"excerpt":{"rendered":"<p>[vc_row type=\u00bbfull_width_content\u00bb full_screen_row_position=\u00bbmiddle\u00bb column_margin=\u00bbdefault\u00bb equal_height=\u00bbyes\u00bb content_placement=\u00bbmiddle\u00bb column_direction=\u00bbdefault\u00bb column_direction_tablet=\u00bbdefault\u00bb column_direction_phone=\u00bbdefault\u00bb scene_position=\u00bbcenter\u00bb top_padding=\u00bb12%\u00bb bottom_padding=\u00bb15%\u00bb left_padding_desktop=\u00bb27vw\u00bb constrain_group_2=\u00bbyes\u00bb right_padding_desktop=\u00bb27vw\u00bb bottom_padding_tablet=\u00bb12%\u00bb left_padding_tablet=\u00bb20vw\u00bb constrain_group_4=\u00bbyes\u00bb right_padding_tablet=\u00bb20vw\u00bb left_padding_phone=\u00bb7vw\u00bb constrain_group_6=\u00bbyes\u00bb right_padding_phone=\u00bb7vw\u00bb text_color=\u00bbdark\u00bb text_align=\u00bbleft\u00bb row_border_radius=\u00bbnone\u00bb row_border_radius_applies=\u00bbbg\u00bb overflow=\u00bbvisible\u00bb advanced_gradient_angle=\u00bb0&#8243; overlay_strength=\u00bb0.3&#8243; gradient_direction=\u00bbleft_to_right\u00bb&#8230;<\/p>\n","protected":false},"author":1,"featured_media":0,"parent":4183,"menu_order":7,"comment_status":"closed","ping_status":"closed","template":"","meta":{"footnotes":""},"class_list":["post-4775","page","type-page","status-publish"],"yoast_head":"<!-- This site is optimized with the Yoast SEO plugin v27.5 - https:\/\/yoast.com\/product\/yoast-seo-wordpress\/ -->\n<title>Condiciones Generales de Venta - BIOMEDIQA GROUPE<\/title>\n<meta name=\"robots\" content=\"index, follow, max-snippet:-1, max-image-preview:large, max-video-preview:-1\" \/>\n<link rel=\"canonical\" href=\"https:\/\/www.biomediqa.com\/es\/grupo-biomediqa\/condiciones-generales-de-venta\/\" \/>\n<meta property=\"og:locale\" content=\"es_ES\" \/>\n<meta property=\"og:type\" content=\"article\" \/>\n<meta property=\"og:title\" content=\"Condiciones Generales de Venta - BIOMEDIQA GROUPE\" \/>\n<meta property=\"og:description\" content=\"[vc_row type=\u00bbfull_width_content\u00bb full_screen_row_position=\u00bbmiddle\u00bb column_margin=\u00bbdefault\u00bb equal_height=\u00bbyes\u00bb content_placement=\u00bbmiddle\u00bb column_direction=\u00bbdefault\u00bb column_direction_tablet=\u00bbdefault\u00bb column_direction_phone=\u00bbdefault\u00bb scene_position=\u00bbcenter\u00bb top_padding=\u00bb12%\u00bb bottom_padding=\u00bb15%\u00bb left_padding_desktop=\u00bb27vw\u00bb constrain_group_2=\u00bbyes\u00bb right_padding_desktop=\u00bb27vw\u00bb bottom_padding_tablet=\u00bb12%\u00bb left_padding_tablet=\u00bb20vw\u00bb constrain_group_4=\u00bbyes\u00bb right_padding_tablet=\u00bb20vw\u00bb left_padding_phone=\u00bb7vw\u00bb constrain_group_6=\u00bbyes\u00bb right_padding_phone=\u00bb7vw\u00bb text_color=\u00bbdark\u00bb text_align=\u00bbleft\u00bb row_border_radius=\u00bbnone\u00bb row_border_radius_applies=\u00bbbg\u00bb overflow=\u00bbvisible\u00bb advanced_gradient_angle=\u00bb0&#8243; overlay_strength=\u00bb0.3&#8243; gradient_direction=\u00bbleft_to_right\u00bb...\" \/>\n<meta property=\"og:url\" content=\"https:\/\/www.biomediqa.com\/es\/grupo-biomediqa\/condiciones-generales-de-venta\/\" \/>\n<meta property=\"og:site_name\" content=\"BIOMEDIQA GROUPE\" \/>\n<meta property=\"article:publisher\" content=\"https:\/\/www.linkedin.com\/company\/biomediqa-groupe\" \/>\n<meta property=\"article:modified_time\" content=\"2024-03-14T09:20:35+00:00\" \/>\n<meta property=\"og:image\" content=\"https:\/\/www.biomediqa.com\/wp-content\/uploads\/2023\/07\/1697553716089.jpg\" \/>\n\t<meta property=\"og:image:width\" content=\"720\" \/>\n\t<meta property=\"og:image:height\" content=\"543\" \/>\n\t<meta property=\"og:image:type\" content=\"image\/jpeg\" \/>\n<meta name=\"twitter:card\" content=\"summary_large_image\" \/>\n<meta name=\"twitter:label1\" content=\"Tiempo de lectura\" \/>\n\t<meta name=\"twitter:data1\" content=\"8 minutos\" \/>\n<script type=\"application\/ld+json\" class=\"yoast-schema-graph\">{\"@context\":\"https:\\\/\\\/schema.org\",\"@graph\":[{\"@type\":\"WebPage\",\"@id\":\"https:\\\/\\\/www.biomediqa.com\\\/es\\\/grupo-biomediqa\\\/condiciones-generales-de-venta\\\/\",\"url\":\"https:\\\/\\\/www.biomediqa.com\\\/es\\\/grupo-biomediqa\\\/condiciones-generales-de-venta\\\/\",\"name\":\"Condiciones Generales de Venta - BIOMEDIQA GROUPE\",\"isPartOf\":{\"@id\":\"https:\\\/\\\/www.biomediqa.com\\\/#website\"},\"datePublished\":\"2024-03-14T09:04:06+00:00\",\"dateModified\":\"2024-03-14T09:20:35+00:00\",\"breadcrumb\":{\"@id\":\"https:\\\/\\\/www.biomediqa.com\\\/es\\\/grupo-biomediqa\\\/condiciones-generales-de-venta\\\/#breadcrumb\"},\"inLanguage\":\"es\",\"potentialAction\":[{\"@type\":\"ReadAction\",\"target\":[\"https:\\\/\\\/www.biomediqa.com\\\/es\\\/grupo-biomediqa\\\/condiciones-generales-de-venta\\\/\"]}]},{\"@type\":\"BreadcrumbList\",\"@id\":\"https:\\\/\\\/www.biomediqa.com\\\/es\\\/grupo-biomediqa\\\/condiciones-generales-de-venta\\\/#breadcrumb\",\"itemListElement\":[{\"@type\":\"ListItem\",\"position\":1,\"name\":\"Accueil\",\"item\":\"https:\\\/\\\/www.biomediqa.com\\\/es\\\/bienvenido\\\/\"},{\"@type\":\"ListItem\",\"position\":2,\"name\":\"Biomediqa Grupo\",\"item\":\"https:\\\/\\\/www.biomediqa.com\\\/es\\\/grupo-biomediqa\\\/\"},{\"@type\":\"ListItem\",\"position\":3,\"name\":\"Condiciones Generales de Venta\"}]},{\"@type\":\"WebSite\",\"@id\":\"https:\\\/\\\/www.biomediqa.com\\\/#website\",\"url\":\"https:\\\/\\\/www.biomediqa.com\\\/\",\"name\":\"BIOMEDIQA GROUPE\",\"description\":\"L&#039;innovation au service de la physique m\u00e9dicale et de la radioprotection\",\"publisher\":{\"@id\":\"https:\\\/\\\/www.biomediqa.com\\\/#organization\"},\"alternateName\":\"Leader en Radioprotection, Physique M\u00e9dicale et Contr\u00f4le de Qualit\u00e9 Interne.\",\"potentialAction\":[{\"@type\":\"SearchAction\",\"target\":{\"@type\":\"EntryPoint\",\"urlTemplate\":\"https:\\\/\\\/www.biomediqa.com\\\/?s={search_term_string}\"},\"query-input\":{\"@type\":\"PropertyValueSpecification\",\"valueRequired\":true,\"valueName\":\"search_term_string\"}}],\"inLanguage\":\"es\"},{\"@type\":\"Organization\",\"@id\":\"https:\\\/\\\/www.biomediqa.com\\\/#organization\",\"name\":\"Leader en Radioprotection, Physique M\u00e9dicale et Contr\u00f4le de Qualit\u00e9 Interne. Radiologie, M\u00e9decine nucl\u00e9aire, Radiologie dentaire, Radioth\u00e9rapie, Innovation et R&D et formation.\",\"alternateName\":\"BIOMEDIQA\",\"url\":\"https:\\\/\\\/www.biomediqa.com\\\/\",\"logo\":{\"@type\":\"ImageObject\",\"inLanguage\":\"es\",\"@id\":\"https:\\\/\\\/www.biomediqa.com\\\/#\\\/schema\\\/logo\\\/image\\\/\",\"url\":\"https:\\\/\\\/www.biomediqa.com\\\/wp-content\\\/uploads\\\/2023\\\/10\\\/cropped-picto-biomediqa.png\",\"contentUrl\":\"https:\\\/\\\/www.biomediqa.com\\\/wp-content\\\/uploads\\\/2023\\\/10\\\/cropped-picto-biomediqa.png\",\"width\":512,\"height\":512,\"caption\":\"Leader en Radioprotection, Physique M\u00e9dicale et Contr\u00f4le de Qualit\u00e9 Interne. Radiologie, M\u00e9decine nucl\u00e9aire, Radiologie dentaire, Radioth\u00e9rapie, Innovation et R&D et formation.\"},\"image\":{\"@id\":\"https:\\\/\\\/www.biomediqa.com\\\/#\\\/schema\\\/logo\\\/image\\\/\"},\"sameAs\":[\"https:\\\/\\\/www.linkedin.com\\\/company\\\/biomediqa-groupe\",\"https:\\\/\\\/www.youtube.com\\\/channel\\\/UCdF_3LWZbFEdt8-j2JrJGgg\",\"https:\\\/\\\/www.instagram.com\\\/biomediqagroupe\"]}]}<\/script>\n<!-- \/ Yoast SEO plugin. -->","yoast_head_json":{"title":"Condiciones Generales de Venta - BIOMEDIQA GROUPE","robots":{"index":"index","follow":"follow","max-snippet":"max-snippet:-1","max-image-preview":"max-image-preview:large","max-video-preview":"max-video-preview:-1"},"canonical":"https:\/\/www.biomediqa.com\/es\/grupo-biomediqa\/condiciones-generales-de-venta\/","og_locale":"es_ES","og_type":"article","og_title":"Condiciones Generales de Venta - BIOMEDIQA GROUPE","og_description":"[vc_row type=\u00bbfull_width_content\u00bb full_screen_row_position=\u00bbmiddle\u00bb column_margin=\u00bbdefault\u00bb equal_height=\u00bbyes\u00bb content_placement=\u00bbmiddle\u00bb column_direction=\u00bbdefault\u00bb column_direction_tablet=\u00bbdefault\u00bb column_direction_phone=\u00bbdefault\u00bb scene_position=\u00bbcenter\u00bb top_padding=\u00bb12%\u00bb bottom_padding=\u00bb15%\u00bb left_padding_desktop=\u00bb27vw\u00bb constrain_group_2=\u00bbyes\u00bb right_padding_desktop=\u00bb27vw\u00bb bottom_padding_tablet=\u00bb12%\u00bb left_padding_tablet=\u00bb20vw\u00bb constrain_group_4=\u00bbyes\u00bb right_padding_tablet=\u00bb20vw\u00bb left_padding_phone=\u00bb7vw\u00bb constrain_group_6=\u00bbyes\u00bb right_padding_phone=\u00bb7vw\u00bb text_color=\u00bbdark\u00bb text_align=\u00bbleft\u00bb row_border_radius=\u00bbnone\u00bb row_border_radius_applies=\u00bbbg\u00bb overflow=\u00bbvisible\u00bb advanced_gradient_angle=\u00bb0&#8243; overlay_strength=\u00bb0.3&#8243; gradient_direction=\u00bbleft_to_right\u00bb...","og_url":"https:\/\/www.biomediqa.com\/es\/grupo-biomediqa\/condiciones-generales-de-venta\/","og_site_name":"BIOMEDIQA GROUPE","article_publisher":"https:\/\/www.linkedin.com\/company\/biomediqa-groupe","article_modified_time":"2024-03-14T09:20:35+00:00","og_image":[{"width":720,"height":543,"url":"https:\/\/www.biomediqa.com\/wp-content\/uploads\/2023\/07\/1697553716089.jpg","type":"image\/jpeg"}],"twitter_card":"summary_large_image","twitter_misc":{"Tiempo de lectura":"8 minutos"},"schema":{"@context":"https:\/\/schema.org","@graph":[{"@type":"WebPage","@id":"https:\/\/www.biomediqa.com\/es\/grupo-biomediqa\/condiciones-generales-de-venta\/","url":"https:\/\/www.biomediqa.com\/es\/grupo-biomediqa\/condiciones-generales-de-venta\/","name":"Condiciones Generales de Venta - BIOMEDIQA GROUPE","isPartOf":{"@id":"https:\/\/www.biomediqa.com\/#website"},"datePublished":"2024-03-14T09:04:06+00:00","dateModified":"2024-03-14T09:20:35+00:00","breadcrumb":{"@id":"https:\/\/www.biomediqa.com\/es\/grupo-biomediqa\/condiciones-generales-de-venta\/#breadcrumb"},"inLanguage":"es","potentialAction":[{"@type":"ReadAction","target":["https:\/\/www.biomediqa.com\/es\/grupo-biomediqa\/condiciones-generales-de-venta\/"]}]},{"@type":"BreadcrumbList","@id":"https:\/\/www.biomediqa.com\/es\/grupo-biomediqa\/condiciones-generales-de-venta\/#breadcrumb","itemListElement":[{"@type":"ListItem","position":1,"name":"Accueil","item":"https:\/\/www.biomediqa.com\/es\/bienvenido\/"},{"@type":"ListItem","position":2,"name":"Biomediqa Grupo","item":"https:\/\/www.biomediqa.com\/es\/grupo-biomediqa\/"},{"@type":"ListItem","position":3,"name":"Condiciones Generales de Venta"}]},{"@type":"WebSite","@id":"https:\/\/www.biomediqa.com\/#website","url":"https:\/\/www.biomediqa.com\/","name":"BIOMEDIQA GROUPE","description":"L&#039;innovation au service de la physique m\u00e9dicale et de la radioprotection","publisher":{"@id":"https:\/\/www.biomediqa.com\/#organization"},"alternateName":"Leader en Radioprotection, Physique M\u00e9dicale et Contr\u00f4le de Qualit\u00e9 Interne.","potentialAction":[{"@type":"SearchAction","target":{"@type":"EntryPoint","urlTemplate":"https:\/\/www.biomediqa.com\/?s={search_term_string}"},"query-input":{"@type":"PropertyValueSpecification","valueRequired":true,"valueName":"search_term_string"}}],"inLanguage":"es"},{"@type":"Organization","@id":"https:\/\/www.biomediqa.com\/#organization","name":"Leader en Radioprotection, Physique M\u00e9dicale et Contr\u00f4le de Qualit\u00e9 Interne. Radiologie, M\u00e9decine nucl\u00e9aire, Radiologie dentaire, Radioth\u00e9rapie, Innovation et R&D et formation.","alternateName":"BIOMEDIQA","url":"https:\/\/www.biomediqa.com\/","logo":{"@type":"ImageObject","inLanguage":"es","@id":"https:\/\/www.biomediqa.com\/#\/schema\/logo\/image\/","url":"https:\/\/www.biomediqa.com\/wp-content\/uploads\/2023\/10\/cropped-picto-biomediqa.png","contentUrl":"https:\/\/www.biomediqa.com\/wp-content\/uploads\/2023\/10\/cropped-picto-biomediqa.png","width":512,"height":512,"caption":"Leader en Radioprotection, Physique M\u00e9dicale et Contr\u00f4le de Qualit\u00e9 Interne. Radiologie, M\u00e9decine nucl\u00e9aire, Radiologie dentaire, Radioth\u00e9rapie, Innovation et R&D et formation."},"image":{"@id":"https:\/\/www.biomediqa.com\/#\/schema\/logo\/image\/"},"sameAs":["https:\/\/www.linkedin.com\/company\/biomediqa-groupe","https:\/\/www.youtube.com\/channel\/UCdF_3LWZbFEdt8-j2JrJGgg","https:\/\/www.instagram.com\/biomediqagroupe"]}]}},"_links":{"self":[{"href":"https:\/\/www.biomediqa.com\/es\/wp-json\/wp\/v2\/pages\/4775","targetHints":{"allow":["GET"]}}],"collection":[{"href":"https:\/\/www.biomediqa.com\/es\/wp-json\/wp\/v2\/pages"}],"about":[{"href":"https:\/\/www.biomediqa.com\/es\/wp-json\/wp\/v2\/types\/page"}],"author":[{"embeddable":true,"href":"https:\/\/www.biomediqa.com\/es\/wp-json\/wp\/v2\/users\/1"}],"replies":[{"embeddable":true,"href":"https:\/\/www.biomediqa.com\/es\/wp-json\/wp\/v2\/comments?post=4775"}],"version-history":[{"count":2,"href":"https:\/\/www.biomediqa.com\/es\/wp-json\/wp\/v2\/pages\/4775\/revisions"}],"predecessor-version":[{"id":4780,"href":"https:\/\/www.biomediqa.com\/es\/wp-json\/wp\/v2\/pages\/4775\/revisions\/4780"}],"up":[{"embeddable":true,"href":"https:\/\/www.biomediqa.com\/es\/wp-json\/wp\/v2\/pages\/4183"}],"wp:attachment":[{"href":"https:\/\/www.biomediqa.com\/es\/wp-json\/wp\/v2\/media?parent=4775"}],"curies":[{"name":"wp","href":"https:\/\/api.w.org\/{rel}","templated":true}]}}