{"id":4157,"date":"2024-01-10T17:37:59","date_gmt":"2024-01-10T16:37:59","guid":{"rendered":"https:\/\/www.biomediqa.com\/mentions-legales\/"},"modified":"2024-02-28T08:11:59","modified_gmt":"2024-02-28T07:11:59","slug":"menciones-legales","status":"publish","type":"page","link":"https:\/\/www.biomediqa.com\/es\/grupo-biomediqa\/menciones-legales\/","title":{"rendered":"Menciones legales"},"content":{"rendered":"[vc_row type=\u00bbfull_width_content\u00bb full_screen_row_position=\u00bbmiddle\u00bb column_margin=\u00bbdefault\u00bb equal_height=\u00bbyes\u00bb content_placement=\u00bbmiddle\u00bb column_direction=\u00bbdefault\u00bb column_direction_tablet=\u00bbdefault\u00bb column_direction_phone=\u00bbdefault\u00bb scene_position=\u00bbcenter\u00bb top_padding=\u00bb12%\u00bb bottom_padding=\u00bb15%\u00bb left_padding_desktop=\u00bb27vw\u00bb constrain_group_2=\u00bbyes\u00bb right_padding_desktop=\u00bb27vw\u00bb bottom_padding_tablet=\u00bb12%\u00bb left_padding_tablet=\u00bb20vw\u00bb constrain_group_4=\u00bbyes\u00bb right_padding_tablet=\u00bb20vw\u00bb left_padding_phone=\u00bb7vw\u00bb constrain_group_6=\u00bbyes\u00bb right_padding_phone=\u00bb7vw\u00bb text_color=\u00bbdark\u00bb text_align=\u00bbleft\u00bb row_border_radius=\u00bbnone\u00bb row_border_radius_applies=\u00bbbg\u00bb overflow=\u00bbvisible\u00bb advanced_gradient_angle=\u00bb0&#8243; overlay_strength=\u00bb0.3&#8243; gradient_direction=\u00bbleft_to_right\u00bb shape_divider_position=\u00bbbottom\u00bb bg_image_animation=\u00bbnone\u00bb gradient_type=\u00bbdefault\u00bb shape_type=\u00bb\u00bb][vc_column column_element_direction_desktop=\u00bbdefault\u00bb column_element_spacing=\u00bb0px\u00bb desktop_text_alignment=\u00bbdefault\u00bb tablet_text_alignment=\u00bbdefault\u00bb phone_text_alignment=\u00bbdefault\u00bb background_color_opacity=\u00bb1&#8243; background_hover_color_opacity=\u00bb1&#8243; column_backdrop_filter=\u00bbnone\u00bb column_shadow=\u00bbnone\u00bb column_border_radius=\u00bbnone\u00bb column_link_target=\u00bb_self\u00bb column_position=\u00bbstatic\u00bb advanced_gradient_angle=\u00bb65&#8243; width=\u00bb1\/1&#8243; tablet_width_inherit=\u00bbdefault\u00bb animation_type=\u00bbdefault\u00bb bg_image_animation=\u00bbnone\u00bb border_type=\u00bbsimple\u00bb column_border_width=\u00bbnone\u00bb column_border_style=\u00bbsolid\u00bb column_padding_type=\u00bbadvanced\u00bb gradient_type=\u00bbadvanced\u00bb advanced_gradient_display_type=\u00bblinear\u00bb][vc_row_inner column_margin=\u00bbdefault\u00bb column_direction=\u00bbdefault\u00bb column_direction_tablet=\u00bbdefault\u00bb column_direction_phone=\u00bbdefault\u00bb text_align=\u00bbleft\u00bb row_position=\u00bbdefault\u00bb row_position_tablet=\u00bbinherit\u00bb row_position_phone=\u00bbinherit\u00bb overflow=\u00bbvisible\u00bb pointer_events=\u00bball\u00bb][vc_column_inner column_padding=\u00bbno-extra-padding\u00bb column_padding_tablet=\u00bbinherit\u00bb column_padding_phone=\u00bbinherit\u00bb column_padding_position=\u00bball\u00bb column_element_direction_desktop=\u00bbdefault\u00bb column_element_spacing=\u00bbdefault\u00bb desktop_text_alignment=\u00bbdefault\u00bb tablet_text_alignment=\u00bbdefault\u00bb phone_text_alignment=\u00bbdefault\u00bb background_color_opacity=\u00bb1&#8243; background_hover_color_opacity=\u00bb1&#8243; column_backdrop_filter=\u00bbnone\u00bb column_shadow=\u00bbnone\u00bb column_border_radius=\u00bbnone\u00bb column_link_target=\u00bb_self\u00bb overflow=\u00bbvisible\u00bb gradient_direction=\u00bbleft_to_right\u00bb overlay_strength=\u00bb0.3&#8243; width=\u00bb1\/1&#8243; tablet_width_inherit=\u00bbdefault\u00bb animation_type=\u00bbdefault\u00bb bg_image_animation=\u00bbnone\u00bb border_type=\u00bbsimple\u00bb column_border_width=\u00bbnone\u00bb column_border_style=\u00bbsolid\u00bb column_padding_type=\u00bbdefault\u00bb gradient_type=\u00bbdefault\u00bb][vc_column_text text_direction=\u00bbdefault\u00bb]Se puede acceder a este sitio web en <a href=\"http:\/\/biomediqa.com\">biomediqa.com<\/a> y est\u00e1 publicado por :<\/p>\n<p><strong>BIOMEDIQA SAS<\/strong><br \/>\nDirector de la publicaci\u00f3n: Sr. Fouad Maaloul<br \/>\nN\u00daMERO SIREN: 479267569<br \/>\nN\u00famero de IVA intracomunitario: FR43479267569<\/p>\n<p>99 C rue Parmentier<br \/>\n59650 Villeneuve d&#8217;Ascq<br \/>\nFrancia<\/p>\n<p>Tel\u00e9fono: +33 3 28 55 51 18<br \/>\ncontact@biomediqa.com<\/p>\n<h3>Alojamiento<\/h3>\n<p>El sitio web biomediqa.com est\u00e1 alojado en la empresa<\/p>\n<p>OVH SAS<br \/>\n2 rue Kellermann<br \/>\n59100 Roubaix<br \/>\nFrancia<\/p>\n<h3>Dise\u00f1o web<\/h3>\n<p>Gonzalo CACERES Studio Design &#8211; Francia<br \/>\n<a href=\"http:\/\/gonzalocaceres.com\">gonzalocaceres.com<\/a><\/p>\n<h3>Fotos y v\u00eddeo<\/h3>\n<p>BIOMEDIQA, Shutterstock, Pexels, GC Studio Design.<\/p>\n<p>Pol\u00edtica de privacidad<\/p>\n<p>(Reglamento europeo n\u00ba 2016\/679 de protecci\u00f3n de datos de car\u00e1cter personal)<\/p>\n<p>Nos tomamos muy en serio su privacidad. Nos comprometemos a proteger tus datos personales.<\/p>\n<h3>\u00bf Qu\u00e9 datos conservamos ?<\/h3>\n<p>Los datos personales que conservamos son los que usted nos facilita para obtener informaci\u00f3n de nosotros, como sus apellidos, nombre, empresa, direcci\u00f3n de correo electr\u00f3nico y n\u00famero de tel\u00e9fono.<\/p>\n<h3>Cookies<\/h3>\n<p>Cuando visite nuestro sitio web, es posible que se instalen cookies en su ordenador. A excepci\u00f3n de las cookies totalmente an\u00f3nimas y puramente t\u00e9cnicas necesarias para la navegaci\u00f3n.<\/p>\n<h3>\u00bf Para qu\u00e9 utilizamos estos datos ?<\/h3>\n<p>Para responder a todas sus preguntas enviadas directamente desde un formulario de contacto de nuestro sitio web;<\/p>\n<p>Sus datos personales se procesan de acuerdo con los requisitos legales que estamos obligados a cumplir y de conformidad con el Reglamento General de Protecci\u00f3n de Datos (RGPD).<\/p>\n<p>En ning\u00fan caso se comunican estos datos con fines de prospecci\u00f3n comercial.<\/p>\n<h3>Sus derechos<\/h3>\n<p>Sus datos personales se conservan indefinidamente desde el momento en que nos los env\u00eda. No obstante, de conformidad con el Reglamento UE 2016 \/ 679 de 27 de abril de 2016, dispone de un derecho de acceso, modificaci\u00f3n y supresi\u00f3n que puede enviarnos por correo electr\u00f3nico o por correo postal a la direcci\u00f3n indicada anteriormente.<\/p>\n<p>El responsable del tratamiento de los datos recogidos en este sitio es el director de la publicaci\u00f3n cuyo nombre figura m\u00e1s arriba.<\/p>\n<h3>Derechos de propiedad intelectual<\/h3>\n<p>Las marcas, im\u00e1genes, ilustraciones, nombres de productos o servicios, nombres de dominio y nombres de empresas mencionados en este sitio son propiedad de sus respectivos propietarios.<\/p>\n<p>Todos los derechos de reproducci\u00f3n est\u00e1n estrictamente reservados por BIOMEDIQA. Usted no est\u00e1 autorizado en ning\u00fan caso a utilizar los datos contenidos en el sitio biomediqa.com sin nuestro consentimiento.<\/p>\n<p>Cr\u00e9ditos de las im\u00e1genes:<br \/>\nBIOMEDIQA, Shutterstock, GC Studio Design.<\/p>\n<h3>Limitaci\u00f3n de responsabilidad<\/h3>\n<p>BIOMEDIQA excluye cualquier garant\u00eda en relaci\u00f3n con el contenido y, en particular, cualquier garant\u00eda de calidad, idoneidad para un fin determinado o propiedad. Adem\u00e1s, el sitio puede contener inexactitudes o errores tipogr\u00e1ficos. Este sitio es objeto de modificaciones y actualizaciones peri\u00f3dicas. En este sentido, BIOMEDIQA se reserva el derecho a realizar cualquier modificaci\u00f3n, rectificaci\u00f3n o cambio en cualquier momento. Los enlaces de este Sitio le permitir\u00e1n salir del mismo. Estos enlaces se proporcionan \u00fanicamente para su comodidad y no implican ninguna aprobaci\u00f3n o respaldo de dichos sitios por parte de BIOMEDIQA. Los sitios enlazados no est\u00e1n bajo el control de BIOMEDIQA y BIOMEDIQA no es responsable de los contenidos de ning\u00fan sitio enlazado, de ning\u00fan enlace contenido en un sitio enlazado, de ning\u00fan producto o servicio ofrecido a trav\u00e9s de un sitio enlazado, ni de ning\u00fan cambio o actualizaci\u00f3n de un sitio enlazado.<\/p>\n<p>Toda la informaci\u00f3n contenida en este sitio se proporciona \u00fanicamente a t\u00edtulo informativo y BIOMEDIQA no se hace responsable en modo alguno.[\/vc_column_text][\/vc_column_inner][\/vc_row_inner][\/vc_column][\/vc_row]\n","protected":false},"excerpt":{"rendered":"<p>[vc_row type=\u00bbfull_width_content\u00bb full_screen_row_position=\u00bbmiddle\u00bb column_margin=\u00bbdefault\u00bb equal_height=\u00bbyes\u00bb content_placement=\u00bbmiddle\u00bb column_direction=\u00bbdefault\u00bb column_direction_tablet=\u00bbdefault\u00bb column_direction_phone=\u00bbdefault\u00bb scene_position=\u00bbcenter\u00bb top_padding=\u00bb12%\u00bb bottom_padding=\u00bb15%\u00bb left_padding_desktop=\u00bb27vw\u00bb constrain_group_2=\u00bbyes\u00bb right_padding_desktop=\u00bb27vw\u00bb bottom_padding_tablet=\u00bb12%\u00bb left_padding_tablet=\u00bb20vw\u00bb constrain_group_4=\u00bbyes\u00bb right_padding_tablet=\u00bb20vw\u00bb left_padding_phone=\u00bb7vw\u00bb constrain_group_6=\u00bbyes\u00bb right_padding_phone=\u00bb7vw\u00bb text_color=\u00bbdark\u00bb text_align=\u00bbleft\u00bb row_border_radius=\u00bbnone\u00bb row_border_radius_applies=\u00bbbg\u00bb overflow=\u00bbvisible\u00bb advanced_gradient_angle=\u00bb0&#8243; overlay_strength=\u00bb0.3&#8243; gradient_direction=\u00bbleft_to_right\u00bb&#8230;<\/p>\n","protected":false},"author":1,"featured_media":0,"parent":4183,"menu_order":9,"comment_status":"closed","ping_status":"closed","template":"","meta":{"footnotes":""},"class_list":["post-4157","page","type-page","status-publish"],"yoast_head":"<!-- This site is optimized with the Yoast SEO plugin v27.5 - https:\/\/yoast.com\/product\/yoast-seo-wordpress\/ -->\n<title>Menciones legales - BIOMEDIQA GROUPE<\/title>\n<meta name=\"robots\" content=\"index, follow, max-snippet:-1, max-image-preview:large, max-video-preview:-1\" \/>\n<link rel=\"canonical\" href=\"https:\/\/www.biomediqa.com\/es\/grupo-biomediqa\/menciones-legales\/\" \/>\n<meta property=\"og:locale\" content=\"es_ES\" \/>\n<meta property=\"og:type\" content=\"article\" \/>\n<meta property=\"og:title\" content=\"Menciones legales - BIOMEDIQA GROUPE\" \/>\n<meta property=\"og:description\" content=\"[vc_row type=\u00bbfull_width_content\u00bb full_screen_row_position=\u00bbmiddle\u00bb column_margin=\u00bbdefault\u00bb equal_height=\u00bbyes\u00bb content_placement=\u00bbmiddle\u00bb column_direction=\u00bbdefault\u00bb column_direction_tablet=\u00bbdefault\u00bb column_direction_phone=\u00bbdefault\u00bb scene_position=\u00bbcenter\u00bb top_padding=\u00bb12%\u00bb bottom_padding=\u00bb15%\u00bb left_padding_desktop=\u00bb27vw\u00bb constrain_group_2=\u00bbyes\u00bb right_padding_desktop=\u00bb27vw\u00bb bottom_padding_tablet=\u00bb12%\u00bb left_padding_tablet=\u00bb20vw\u00bb constrain_group_4=\u00bbyes\u00bb right_padding_tablet=\u00bb20vw\u00bb left_padding_phone=\u00bb7vw\u00bb constrain_group_6=\u00bbyes\u00bb right_padding_phone=\u00bb7vw\u00bb text_color=\u00bbdark\u00bb text_align=\u00bbleft\u00bb row_border_radius=\u00bbnone\u00bb row_border_radius_applies=\u00bbbg\u00bb overflow=\u00bbvisible\u00bb advanced_gradient_angle=\u00bb0&#8243; overlay_strength=\u00bb0.3&#8243; gradient_direction=\u00bbleft_to_right\u00bb...\" \/>\n<meta property=\"og:url\" content=\"https:\/\/www.biomediqa.com\/es\/grupo-biomediqa\/menciones-legales\/\" \/>\n<meta property=\"og:site_name\" content=\"BIOMEDIQA GROUPE\" \/>\n<meta property=\"article:publisher\" content=\"https:\/\/www.linkedin.com\/company\/biomediqa-groupe\" \/>\n<meta property=\"article:modified_time\" content=\"2024-02-28T07:11:59+00:00\" \/>\n<meta property=\"og:image\" content=\"https:\/\/www.biomediqa.com\/wp-content\/uploads\/2023\/07\/1697553716089.jpg\" \/>\n\t<meta property=\"og:image:width\" content=\"720\" \/>\n\t<meta property=\"og:image:height\" content=\"543\" \/>\n\t<meta property=\"og:image:type\" content=\"image\/jpeg\" \/>\n<meta name=\"twitter:card\" content=\"summary_large_image\" \/>\n<meta name=\"twitter:label1\" content=\"Tiempo de lectura\" \/>\n\t<meta name=\"twitter:data1\" content=\"5 minutos\" \/>\n<script type=\"application\/ld+json\" class=\"yoast-schema-graph\">{\"@context\":\"https:\\\/\\\/schema.org\",\"@graph\":[{\"@type\":\"WebPage\",\"@id\":\"https:\\\/\\\/www.biomediqa.com\\\/es\\\/grupo-biomediqa\\\/menciones-legales\\\/\",\"url\":\"https:\\\/\\\/www.biomediqa.com\\\/es\\\/grupo-biomediqa\\\/menciones-legales\\\/\",\"name\":\"Menciones legales - BIOMEDIQA GROUPE\",\"isPartOf\":{\"@id\":\"https:\\\/\\\/www.biomediqa.com\\\/#website\"},\"datePublished\":\"2024-01-10T16:37:59+00:00\",\"dateModified\":\"2024-02-28T07:11:59+00:00\",\"breadcrumb\":{\"@id\":\"https:\\\/\\\/www.biomediqa.com\\\/es\\\/grupo-biomediqa\\\/menciones-legales\\\/#breadcrumb\"},\"inLanguage\":\"es\",\"potentialAction\":[{\"@type\":\"ReadAction\",\"target\":[\"https:\\\/\\\/www.biomediqa.com\\\/es\\\/grupo-biomediqa\\\/menciones-legales\\\/\"]}]},{\"@type\":\"BreadcrumbList\",\"@id\":\"https:\\\/\\\/www.biomediqa.com\\\/es\\\/grupo-biomediqa\\\/menciones-legales\\\/#breadcrumb\",\"itemListElement\":[{\"@type\":\"ListItem\",\"position\":1,\"name\":\"Accueil\",\"item\":\"https:\\\/\\\/www.biomediqa.com\\\/es\\\/bienvenido\\\/\"},{\"@type\":\"ListItem\",\"position\":2,\"name\":\"Biomediqa Grupo\",\"item\":\"https:\\\/\\\/www.biomediqa.com\\\/es\\\/grupo-biomediqa\\\/\"},{\"@type\":\"ListItem\",\"position\":3,\"name\":\"Menciones legales\"}]},{\"@type\":\"WebSite\",\"@id\":\"https:\\\/\\\/www.biomediqa.com\\\/#website\",\"url\":\"https:\\\/\\\/www.biomediqa.com\\\/\",\"name\":\"BIOMEDIQA GROUPE\",\"description\":\"L&#039;innovation au service de la physique m\u00e9dicale et de la radioprotection\",\"publisher\":{\"@id\":\"https:\\\/\\\/www.biomediqa.com\\\/#organization\"},\"alternateName\":\"Leader en Radioprotection, Physique M\u00e9dicale et Contr\u00f4le de Qualit\u00e9 Interne.\",\"potentialAction\":[{\"@type\":\"SearchAction\",\"target\":{\"@type\":\"EntryPoint\",\"urlTemplate\":\"https:\\\/\\\/www.biomediqa.com\\\/?s={search_term_string}\"},\"query-input\":{\"@type\":\"PropertyValueSpecification\",\"valueRequired\":true,\"valueName\":\"search_term_string\"}}],\"inLanguage\":\"es\"},{\"@type\":\"Organization\",\"@id\":\"https:\\\/\\\/www.biomediqa.com\\\/#organization\",\"name\":\"Leader en Radioprotection, Physique M\u00e9dicale et Contr\u00f4le de Qualit\u00e9 Interne. Radiologie, M\u00e9decine nucl\u00e9aire, Radiologie dentaire, Radioth\u00e9rapie, Innovation et R&D et formation.\",\"alternateName\":\"BIOMEDIQA\",\"url\":\"https:\\\/\\\/www.biomediqa.com\\\/\",\"logo\":{\"@type\":\"ImageObject\",\"inLanguage\":\"es\",\"@id\":\"https:\\\/\\\/www.biomediqa.com\\\/#\\\/schema\\\/logo\\\/image\\\/\",\"url\":\"https:\\\/\\\/www.biomediqa.com\\\/wp-content\\\/uploads\\\/2023\\\/10\\\/cropped-picto-biomediqa.png\",\"contentUrl\":\"https:\\\/\\\/www.biomediqa.com\\\/wp-content\\\/uploads\\\/2023\\\/10\\\/cropped-picto-biomediqa.png\",\"width\":512,\"height\":512,\"caption\":\"Leader en Radioprotection, Physique M\u00e9dicale et Contr\u00f4le de Qualit\u00e9 Interne. Radiologie, M\u00e9decine nucl\u00e9aire, Radiologie dentaire, Radioth\u00e9rapie, Innovation et R&D et formation.\"},\"image\":{\"@id\":\"https:\\\/\\\/www.biomediqa.com\\\/#\\\/schema\\\/logo\\\/image\\\/\"},\"sameAs\":[\"https:\\\/\\\/www.linkedin.com\\\/company\\\/biomediqa-groupe\",\"https:\\\/\\\/www.youtube.com\\\/channel\\\/UCdF_3LWZbFEdt8-j2JrJGgg\",\"https:\\\/\\\/www.instagram.com\\\/biomediqagroupe\"]}]}<\/script>\n<!-- \/ Yoast SEO plugin. -->","yoast_head_json":{"title":"Menciones legales - BIOMEDIQA GROUPE","robots":{"index":"index","follow":"follow","max-snippet":"max-snippet:-1","max-image-preview":"max-image-preview:large","max-video-preview":"max-video-preview:-1"},"canonical":"https:\/\/www.biomediqa.com\/es\/grupo-biomediqa\/menciones-legales\/","og_locale":"es_ES","og_type":"article","og_title":"Menciones legales - BIOMEDIQA GROUPE","og_description":"[vc_row type=\u00bbfull_width_content\u00bb full_screen_row_position=\u00bbmiddle\u00bb column_margin=\u00bbdefault\u00bb equal_height=\u00bbyes\u00bb content_placement=\u00bbmiddle\u00bb column_direction=\u00bbdefault\u00bb column_direction_tablet=\u00bbdefault\u00bb column_direction_phone=\u00bbdefault\u00bb scene_position=\u00bbcenter\u00bb top_padding=\u00bb12%\u00bb bottom_padding=\u00bb15%\u00bb left_padding_desktop=\u00bb27vw\u00bb constrain_group_2=\u00bbyes\u00bb right_padding_desktop=\u00bb27vw\u00bb bottom_padding_tablet=\u00bb12%\u00bb left_padding_tablet=\u00bb20vw\u00bb constrain_group_4=\u00bbyes\u00bb right_padding_tablet=\u00bb20vw\u00bb left_padding_phone=\u00bb7vw\u00bb constrain_group_6=\u00bbyes\u00bb right_padding_phone=\u00bb7vw\u00bb text_color=\u00bbdark\u00bb text_align=\u00bbleft\u00bb row_border_radius=\u00bbnone\u00bb row_border_radius_applies=\u00bbbg\u00bb overflow=\u00bbvisible\u00bb advanced_gradient_angle=\u00bb0&#8243; overlay_strength=\u00bb0.3&#8243; gradient_direction=\u00bbleft_to_right\u00bb...","og_url":"https:\/\/www.biomediqa.com\/es\/grupo-biomediqa\/menciones-legales\/","og_site_name":"BIOMEDIQA GROUPE","article_publisher":"https:\/\/www.linkedin.com\/company\/biomediqa-groupe","article_modified_time":"2024-02-28T07:11:59+00:00","og_image":[{"width":720,"height":543,"url":"https:\/\/www.biomediqa.com\/wp-content\/uploads\/2023\/07\/1697553716089.jpg","type":"image\/jpeg"}],"twitter_card":"summary_large_image","twitter_misc":{"Tiempo de lectura":"5 minutos"},"schema":{"@context":"https:\/\/schema.org","@graph":[{"@type":"WebPage","@id":"https:\/\/www.biomediqa.com\/es\/grupo-biomediqa\/menciones-legales\/","url":"https:\/\/www.biomediqa.com\/es\/grupo-biomediqa\/menciones-legales\/","name":"Menciones legales - BIOMEDIQA GROUPE","isPartOf":{"@id":"https:\/\/www.biomediqa.com\/#website"},"datePublished":"2024-01-10T16:37:59+00:00","dateModified":"2024-02-28T07:11:59+00:00","breadcrumb":{"@id":"https:\/\/www.biomediqa.com\/es\/grupo-biomediqa\/menciones-legales\/#breadcrumb"},"inLanguage":"es","potentialAction":[{"@type":"ReadAction","target":["https:\/\/www.biomediqa.com\/es\/grupo-biomediqa\/menciones-legales\/"]}]},{"@type":"BreadcrumbList","@id":"https:\/\/www.biomediqa.com\/es\/grupo-biomediqa\/menciones-legales\/#breadcrumb","itemListElement":[{"@type":"ListItem","position":1,"name":"Accueil","item":"https:\/\/www.biomediqa.com\/es\/bienvenido\/"},{"@type":"ListItem","position":2,"name":"Biomediqa Grupo","item":"https:\/\/www.biomediqa.com\/es\/grupo-biomediqa\/"},{"@type":"ListItem","position":3,"name":"Menciones legales"}]},{"@type":"WebSite","@id":"https:\/\/www.biomediqa.com\/#website","url":"https:\/\/www.biomediqa.com\/","name":"BIOMEDIQA GROUPE","description":"L&#039;innovation au service de la physique m\u00e9dicale et de la radioprotection","publisher":{"@id":"https:\/\/www.biomediqa.com\/#organization"},"alternateName":"Leader en Radioprotection, Physique M\u00e9dicale et Contr\u00f4le de Qualit\u00e9 Interne.","potentialAction":[{"@type":"SearchAction","target":{"@type":"EntryPoint","urlTemplate":"https:\/\/www.biomediqa.com\/?s={search_term_string}"},"query-input":{"@type":"PropertyValueSpecification","valueRequired":true,"valueName":"search_term_string"}}],"inLanguage":"es"},{"@type":"Organization","@id":"https:\/\/www.biomediqa.com\/#organization","name":"Leader en Radioprotection, Physique M\u00e9dicale et Contr\u00f4le de Qualit\u00e9 Interne. Radiologie, M\u00e9decine nucl\u00e9aire, Radiologie dentaire, Radioth\u00e9rapie, Innovation et R&D et formation.","alternateName":"BIOMEDIQA","url":"https:\/\/www.biomediqa.com\/","logo":{"@type":"ImageObject","inLanguage":"es","@id":"https:\/\/www.biomediqa.com\/#\/schema\/logo\/image\/","url":"https:\/\/www.biomediqa.com\/wp-content\/uploads\/2023\/10\/cropped-picto-biomediqa.png","contentUrl":"https:\/\/www.biomediqa.com\/wp-content\/uploads\/2023\/10\/cropped-picto-biomediqa.png","width":512,"height":512,"caption":"Leader en Radioprotection, Physique M\u00e9dicale et Contr\u00f4le de Qualit\u00e9 Interne. Radiologie, M\u00e9decine nucl\u00e9aire, Radiologie dentaire, Radioth\u00e9rapie, Innovation et R&D et formation."},"image":{"@id":"https:\/\/www.biomediqa.com\/#\/schema\/logo\/image\/"},"sameAs":["https:\/\/www.linkedin.com\/company\/biomediqa-groupe","https:\/\/www.youtube.com\/channel\/UCdF_3LWZbFEdt8-j2JrJGgg","https:\/\/www.instagram.com\/biomediqagroupe"]}]}},"_links":{"self":[{"href":"https:\/\/www.biomediqa.com\/es\/wp-json\/wp\/v2\/pages\/4157","targetHints":{"allow":["GET"]}}],"collection":[{"href":"https:\/\/www.biomediqa.com\/es\/wp-json\/wp\/v2\/pages"}],"about":[{"href":"https:\/\/www.biomediqa.com\/es\/wp-json\/wp\/v2\/types\/page"}],"author":[{"embeddable":true,"href":"https:\/\/www.biomediqa.com\/es\/wp-json\/wp\/v2\/users\/1"}],"replies":[{"embeddable":true,"href":"https:\/\/www.biomediqa.com\/es\/wp-json\/wp\/v2\/comments?post=4157"}],"version-history":[{"count":3,"href":"https:\/\/www.biomediqa.com\/es\/wp-json\/wp\/v2\/pages\/4157\/revisions"}],"predecessor-version":[{"id":4755,"href":"https:\/\/www.biomediqa.com\/es\/wp-json\/wp\/v2\/pages\/4157\/revisions\/4755"}],"up":[{"embeddable":true,"href":"https:\/\/www.biomediqa.com\/es\/wp-json\/wp\/v2\/pages\/4183"}],"wp:attachment":[{"href":"https:\/\/www.biomediqa.com\/es\/wp-json\/wp\/v2\/media?parent=4157"}],"curies":[{"name":"wp","href":"https:\/\/api.w.org\/{rel}","templated":true}]}}