{"id":4156,"date":"2024-01-10T17:37:59","date_gmt":"2024-01-10T16:37:59","guid":{"rendered":"https:\/\/www.biomediqa.com\/mentions-legales\/"},"modified":"2024-02-28T08:33:32","modified_gmt":"2024-02-28T07:33:32","slug":"terms-of-use","status":"publish","type":"page","link":"https:\/\/www.biomediqa.com\/en\/biomediqa-group\/terms-of-use\/","title":{"rendered":"Terms of use"},"content":{"rendered":"[vc_row type=&#8221;full_width_content&#8221; full_screen_row_position=&#8221;middle&#8221; column_margin=&#8221;default&#8221; equal_height=&#8221;yes&#8221; content_placement=&#8221;middle&#8221; column_direction=&#8221;default&#8221; column_direction_tablet=&#8221;default&#8221; column_direction_phone=&#8221;default&#8221; scene_position=&#8221;center&#8221; top_padding=&#8221;12%&#8221; bottom_padding=&#8221;15%&#8221; left_padding_desktop=&#8221;27vw&#8221; constrain_group_2=&#8221;yes&#8221; right_padding_desktop=&#8221;27vw&#8221; bottom_padding_tablet=&#8221;12%&#8221; left_padding_tablet=&#8221;20vw&#8221; constrain_group_4=&#8221;yes&#8221; right_padding_tablet=&#8221;20vw&#8221; left_padding_phone=&#8221;7vw&#8221; constrain_group_6=&#8221;yes&#8221; right_padding_phone=&#8221;7vw&#8221; text_color=&#8221;dark&#8221; text_align=&#8221;left&#8221; row_border_radius=&#8221;none&#8221; row_border_radius_applies=&#8221;bg&#8221; overflow=&#8221;visible&#8221; advanced_gradient_angle=&#8221;0&#8243; overlay_strength=&#8221;0.3&#8243; gradient_direction=&#8221;left_to_right&#8221; shape_divider_position=&#8221;bottom&#8221; bg_image_animation=&#8221;none&#8221; gradient_type=&#8221;default&#8221; shape_type=&#8221;&#8221;][vc_column column_element_direction_desktop=&#8221;default&#8221; column_element_spacing=&#8221;0px&#8221; desktop_text_alignment=&#8221;default&#8221; tablet_text_alignment=&#8221;default&#8221; phone_text_alignment=&#8221;default&#8221; background_color_opacity=&#8221;1&#8243; background_hover_color_opacity=&#8221;1&#8243; column_backdrop_filter=&#8221;none&#8221; column_shadow=&#8221;none&#8221; column_border_radius=&#8221;none&#8221; column_link_target=&#8221;_self&#8221; column_position=&#8221;static&#8221; advanced_gradient_angle=&#8221;65&#8243; width=&#8221;1\/1&#8243; tablet_width_inherit=&#8221;default&#8221; animation_type=&#8221;default&#8221; bg_image_animation=&#8221;none&#8221; border_type=&#8221;simple&#8221; column_border_width=&#8221;none&#8221; column_border_style=&#8221;solid&#8221; column_padding_type=&#8221;advanced&#8221; gradient_type=&#8221;advanced&#8221; advanced_gradient_display_type=&#8221;linear&#8221;][vc_row_inner column_margin=&#8221;default&#8221; column_direction=&#8221;default&#8221; column_direction_tablet=&#8221;default&#8221; column_direction_phone=&#8221;default&#8221; text_align=&#8221;left&#8221; row_position=&#8221;default&#8221; row_position_tablet=&#8221;inherit&#8221; row_position_phone=&#8221;inherit&#8221; overflow=&#8221;visible&#8221; pointer_events=&#8221;all&#8221;][vc_column_inner column_padding=&#8221;no-extra-padding&#8221; column_padding_tablet=&#8221;inherit&#8221; column_padding_phone=&#8221;inherit&#8221; column_padding_position=&#8221;all&#8221; column_element_direction_desktop=&#8221;default&#8221; column_element_spacing=&#8221;default&#8221; desktop_text_alignment=&#8221;default&#8221; tablet_text_alignment=&#8221;default&#8221; phone_text_alignment=&#8221;default&#8221; background_color_opacity=&#8221;1&#8243; background_hover_color_opacity=&#8221;1&#8243; column_backdrop_filter=&#8221;none&#8221; column_shadow=&#8221;none&#8221; column_border_radius=&#8221;none&#8221; column_link_target=&#8221;_self&#8221; overflow=&#8221;visible&#8221; gradient_direction=&#8221;left_to_right&#8221; overlay_strength=&#8221;0.3&#8243; width=&#8221;1\/1&#8243; tablet_width_inherit=&#8221;default&#8221; animation_type=&#8221;default&#8221; bg_image_animation=&#8221;none&#8221; border_type=&#8221;simple&#8221; column_border_width=&#8221;none&#8221; column_border_style=&#8221;solid&#8221; column_padding_type=&#8221;default&#8221; gradient_type=&#8221;default&#8221;][vc_column_text text_direction=&#8221;default&#8221;]This website can be accessed at <a href=\"http:\/\/biomediqa.com\">biomediqa.com<\/a> and is published by :<\/p>\n<p><strong>BIOMEDIQA SAS<\/strong><br \/>\nPublishing director: Mr Fouad Maaloul<br \/>\nSIREN : 479267569<br \/>\nIntracommunity VAT no.: FR43479267569<\/p>\n<p>99 C rue Parmentier<br \/>\n59650 Villeneuve d&#8217;Ascq<br \/>\nFrance<\/p>\n<p>Phone: +33 3 28 55 51 18<br \/>\ncontact@biomediqa.com<\/p>\n<h3>Host<\/h3>\n<p>The <a href=\"http:\/\/biomediqa.com\">biomediqa.com<\/a> website is hosted by the company:<\/p>\n<p>OVH SAS<br \/>\n2 rue Kellermann<br \/>\n59100 Roubaix<br \/>\nFrance<\/p>\n<h3>Design<\/h3>\n<p>Gonzalo CACERES Studio Design &#8211; France<br \/>\n<a href=\"http:\/\/gonzalocaceres.com\">gonzalocaceres.com<\/a><\/p>\n<h3>Photos &amp; Video<\/h3>\n<p>BIOMEDIQA, Shutterstock, Pexels, GC Studio Design.<\/p>\n<h3>Privacy policy<\/h3>\n<p>(European regulation n\u00b0 2016\/679, on the protection of personal data)<\/p>\n<p>We take your privacy very seriously. We are committed to protecting your personal data.<\/p>\n<h3>What data do we hold?<\/h3>\n<p>The personal data we hold are those you provide to us in order to obtain information from us, such as your surname, first name, company, email, telephone number.<\/p>\n<h3>Cookies<\/h3>\n<p>When you visit our site, cookies may be deposited on your computer. With the exception of totally anonymous and purely technical cookies required for navigation.<\/p>\n<h3>What do we use this data for?<\/h3>\n<p>To answer all your questions sent directly from a contact form on our website;<\/p>\n<p>Your personal data is processed in accordance with the legal requirements we are obliged to meet and in compliance with the General Data Protection Regulation (RGPD).<\/p>\n<p>Under no circumstances is this data communicated for commercial prospecting purposes.<\/p>\n<h3>Your rights<\/h3>\n<p>Your personal data is kept indefinitely from the moment it is transmitted to us. However, in accordance with EU Regulation 2016 \/ 679 of April 27, 2016, you have a right of access to modify and delete that you can send us by email or by post to the address listed above.<\/p>\n<p>The person responsible for processing the data collected on this site is the publication director whose name is mentioned above.<\/p>\n<h3>Intellectual property rights<\/h3>\n<p>All trademarks, images, illustrations, product or service names, domain names and company names mentioned on this site remain the property of their respective owners.<\/p>\n<p>All reproduction rights are strictly reserved by BIOMEDIQA. You are in no way authorized to use the data contained on the biomediqa.com site without our consent.<\/p>\n<p>Image credits:<br \/>\nBIOMEDIQA, Shutterstock, GC Studio Design.<\/p>\n<h3>Limitation of liability<\/h3>\n<p>BIOMEDIQA disclaims all warranties of any kind with regard to the content, and in particular all warranties of quality, fitness for a particular purpose and title. Furthermore, the site may contain inaccuracies or typographical errors. Changes and updates are regularly made to the present site. In this respect, BIOMEDIQA reserves the right to make any modification, rectification or change at any time. Links on this Site will let you leave the Site. These links are provided for your convenience only, and do not imply any endorsement or approval of such sites by BIOMEDIQA. The linked sites are not under the control of BIOMEDIQA and BIOMEDIQA is not responsible for the contents of any linked site or any link contained in a linked site, any product or service they provide, or any changes or updates to such sites.<\/p>\n<p>BIOMEDIQA cannot be held responsible for any information contained on this site.[\/vc_column_text][\/vc_column_inner][\/vc_row_inner][\/vc_column][\/vc_row]\n","protected":false},"excerpt":{"rendered":"<p>[vc_row type=&#8221;full_width_content&#8221; full_screen_row_position=&#8221;middle&#8221; column_margin=&#8221;default&#8221; equal_height=&#8221;yes&#8221; content_placement=&#8221;middle&#8221; column_direction=&#8221;default&#8221; column_direction_tablet=&#8221;default&#8221; column_direction_phone=&#8221;default&#8221; scene_position=&#8221;center&#8221; top_padding=&#8221;12%&#8221; bottom_padding=&#8221;15%&#8221; left_padding_desktop=&#8221;27vw&#8221; constrain_group_2=&#8221;yes&#8221; right_padding_desktop=&#8221;27vw&#8221; bottom_padding_tablet=&#8221;12%&#8221; left_padding_tablet=&#8221;20vw&#8221; constrain_group_4=&#8221;yes&#8221; right_padding_tablet=&#8221;20vw&#8221; left_padding_phone=&#8221;7vw&#8221; constrain_group_6=&#8221;yes&#8221; right_padding_phone=&#8221;7vw&#8221; text_color=&#8221;dark&#8221; text_align=&#8221;left&#8221; row_border_radius=&#8221;none&#8221; row_border_radius_applies=&#8221;bg&#8221; overflow=&#8221;visible&#8221; advanced_gradient_angle=&#8221;0&#8243; overlay_strength=&#8221;0.3&#8243; gradient_direction=&#8221;left_to_right&#8221;&#8230;<\/p>\n","protected":false},"author":1,"featured_media":0,"parent":4182,"menu_order":9,"comment_status":"closed","ping_status":"closed","template":"","meta":{"footnotes":""},"class_list":["post-4156","page","type-page","status-publish"],"yoast_head":"<!-- This site is optimized with the Yoast SEO plugin v27.5 - https:\/\/yoast.com\/product\/yoast-seo-wordpress\/ -->\n<title>Terms of use - BIOMEDIQA GROUPE<\/title>\n<meta name=\"robots\" content=\"index, follow, max-snippet:-1, max-image-preview:large, max-video-preview:-1\" \/>\n<link rel=\"canonical\" href=\"https:\/\/www.biomediqa.com\/en\/biomediqa-group\/terms-of-use\/\" \/>\n<meta property=\"og:locale\" content=\"en_US\" \/>\n<meta property=\"og:type\" content=\"article\" \/>\n<meta property=\"og:title\" content=\"Terms of use - BIOMEDIQA GROUPE\" \/>\n<meta property=\"og:description\" content=\"[vc_row type=&#8221;full_width_content&#8221; full_screen_row_position=&#8221;middle&#8221; column_margin=&#8221;default&#8221; equal_height=&#8221;yes&#8221; content_placement=&#8221;middle&#8221; column_direction=&#8221;default&#8221; column_direction_tablet=&#8221;default&#8221; column_direction_phone=&#8221;default&#8221; scene_position=&#8221;center&#8221; top_padding=&#8221;12%&#8221; bottom_padding=&#8221;15%&#8221; left_padding_desktop=&#8221;27vw&#8221; constrain_group_2=&#8221;yes&#8221; right_padding_desktop=&#8221;27vw&#8221; bottom_padding_tablet=&#8221;12%&#8221; left_padding_tablet=&#8221;20vw&#8221; constrain_group_4=&#8221;yes&#8221; right_padding_tablet=&#8221;20vw&#8221; left_padding_phone=&#8221;7vw&#8221; constrain_group_6=&#8221;yes&#8221; right_padding_phone=&#8221;7vw&#8221; text_color=&#8221;dark&#8221; text_align=&#8221;left&#8221; row_border_radius=&#8221;none&#8221; row_border_radius_applies=&#8221;bg&#8221; overflow=&#8221;visible&#8221; advanced_gradient_angle=&#8221;0&#8243; overlay_strength=&#8221;0.3&#8243; gradient_direction=&#8221;left_to_right&#8221;...\" \/>\n<meta property=\"og:url\" content=\"https:\/\/www.biomediqa.com\/en\/biomediqa-group\/terms-of-use\/\" \/>\n<meta property=\"og:site_name\" content=\"BIOMEDIQA GROUPE\" \/>\n<meta property=\"article:publisher\" content=\"https:\/\/www.linkedin.com\/company\/biomediqa-groupe\" \/>\n<meta property=\"article:modified_time\" content=\"2024-02-28T07:33:32+00:00\" \/>\n<meta property=\"og:image\" content=\"https:\/\/www.biomediqa.com\/wp-content\/uploads\/2023\/07\/1697553716089.jpg\" \/>\n\t<meta property=\"og:image:width\" content=\"720\" \/>\n\t<meta property=\"og:image:height\" content=\"543\" \/>\n\t<meta property=\"og:image:type\" content=\"image\/jpeg\" \/>\n<meta name=\"twitter:card\" content=\"summary_large_image\" \/>\n<meta name=\"twitter:label1\" content=\"Est. reading time\" \/>\n\t<meta name=\"twitter:data1\" content=\"4 minutes\" \/>\n<script type=\"application\/ld+json\" class=\"yoast-schema-graph\">{\"@context\":\"https:\\\/\\\/schema.org\",\"@graph\":[{\"@type\":\"WebPage\",\"@id\":\"https:\\\/\\\/www.biomediqa.com\\\/en\\\/biomediqa-group\\\/terms-of-use\\\/\",\"url\":\"https:\\\/\\\/www.biomediqa.com\\\/en\\\/biomediqa-group\\\/terms-of-use\\\/\",\"name\":\"Terms of use - BIOMEDIQA GROUPE\",\"isPartOf\":{\"@id\":\"https:\\\/\\\/www.biomediqa.com\\\/#website\"},\"datePublished\":\"2024-01-10T16:37:59+00:00\",\"dateModified\":\"2024-02-28T07:33:32+00:00\",\"breadcrumb\":{\"@id\":\"https:\\\/\\\/www.biomediqa.com\\\/en\\\/biomediqa-group\\\/terms-of-use\\\/#breadcrumb\"},\"inLanguage\":\"en-US\",\"potentialAction\":[{\"@type\":\"ReadAction\",\"target\":[\"https:\\\/\\\/www.biomediqa.com\\\/en\\\/biomediqa-group\\\/terms-of-use\\\/\"]}]},{\"@type\":\"BreadcrumbList\",\"@id\":\"https:\\\/\\\/www.biomediqa.com\\\/en\\\/biomediqa-group\\\/terms-of-use\\\/#breadcrumb\",\"itemListElement\":[{\"@type\":\"ListItem\",\"position\":1,\"name\":\"Accueil\",\"item\":\"https:\\\/\\\/www.biomediqa.com\\\/en\\\/welcome\\\/\"},{\"@type\":\"ListItem\",\"position\":2,\"name\":\"Biomediqa Groupe\",\"item\":\"https:\\\/\\\/www.biomediqa.com\\\/en\\\/biomediqa-group\\\/\"},{\"@type\":\"ListItem\",\"position\":3,\"name\":\"Terms of use\"}]},{\"@type\":\"WebSite\",\"@id\":\"https:\\\/\\\/www.biomediqa.com\\\/#website\",\"url\":\"https:\\\/\\\/www.biomediqa.com\\\/\",\"name\":\"BIOMEDIQA GROUPE\",\"description\":\"L&#039;innovation au service de la physique m\u00e9dicale et de la radioprotection\",\"publisher\":{\"@id\":\"https:\\\/\\\/www.biomediqa.com\\\/#organization\"},\"alternateName\":\"Leader en Radioprotection, Physique M\u00e9dicale et Contr\u00f4le de Qualit\u00e9 Interne.\",\"potentialAction\":[{\"@type\":\"SearchAction\",\"target\":{\"@type\":\"EntryPoint\",\"urlTemplate\":\"https:\\\/\\\/www.biomediqa.com\\\/?s={search_term_string}\"},\"query-input\":{\"@type\":\"PropertyValueSpecification\",\"valueRequired\":true,\"valueName\":\"search_term_string\"}}],\"inLanguage\":\"en-US\"},{\"@type\":\"Organization\",\"@id\":\"https:\\\/\\\/www.biomediqa.com\\\/#organization\",\"name\":\"Leader en Radioprotection, Physique M\u00e9dicale et Contr\u00f4le de Qualit\u00e9 Interne. Radiologie, M\u00e9decine nucl\u00e9aire, Radiologie dentaire, Radioth\u00e9rapie, Innovation et R&D et formation.\",\"alternateName\":\"BIOMEDIQA\",\"url\":\"https:\\\/\\\/www.biomediqa.com\\\/\",\"logo\":{\"@type\":\"ImageObject\",\"inLanguage\":\"en-US\",\"@id\":\"https:\\\/\\\/www.biomediqa.com\\\/#\\\/schema\\\/logo\\\/image\\\/\",\"url\":\"https:\\\/\\\/www.biomediqa.com\\\/wp-content\\\/uploads\\\/2023\\\/10\\\/cropped-picto-biomediqa.png\",\"contentUrl\":\"https:\\\/\\\/www.biomediqa.com\\\/wp-content\\\/uploads\\\/2023\\\/10\\\/cropped-picto-biomediqa.png\",\"width\":512,\"height\":512,\"caption\":\"Leader en Radioprotection, Physique M\u00e9dicale et Contr\u00f4le de Qualit\u00e9 Interne. Radiologie, M\u00e9decine nucl\u00e9aire, Radiologie dentaire, Radioth\u00e9rapie, Innovation et R&D et formation.\"},\"image\":{\"@id\":\"https:\\\/\\\/www.biomediqa.com\\\/#\\\/schema\\\/logo\\\/image\\\/\"},\"sameAs\":[\"https:\\\/\\\/www.linkedin.com\\\/company\\\/biomediqa-groupe\",\"https:\\\/\\\/www.youtube.com\\\/channel\\\/UCdF_3LWZbFEdt8-j2JrJGgg\",\"https:\\\/\\\/www.instagram.com\\\/biomediqagroupe\"]}]}<\/script>\n<!-- \/ Yoast SEO plugin. -->","yoast_head_json":{"title":"Terms of use - BIOMEDIQA GROUPE","robots":{"index":"index","follow":"follow","max-snippet":"max-snippet:-1","max-image-preview":"max-image-preview:large","max-video-preview":"max-video-preview:-1"},"canonical":"https:\/\/www.biomediqa.com\/en\/biomediqa-group\/terms-of-use\/","og_locale":"en_US","og_type":"article","og_title":"Terms of use - BIOMEDIQA GROUPE","og_description":"[vc_row type=&#8221;full_width_content&#8221; full_screen_row_position=&#8221;middle&#8221; column_margin=&#8221;default&#8221; equal_height=&#8221;yes&#8221; content_placement=&#8221;middle&#8221; column_direction=&#8221;default&#8221; column_direction_tablet=&#8221;default&#8221; column_direction_phone=&#8221;default&#8221; scene_position=&#8221;center&#8221; top_padding=&#8221;12%&#8221; bottom_padding=&#8221;15%&#8221; left_padding_desktop=&#8221;27vw&#8221; constrain_group_2=&#8221;yes&#8221; right_padding_desktop=&#8221;27vw&#8221; bottom_padding_tablet=&#8221;12%&#8221; left_padding_tablet=&#8221;20vw&#8221; constrain_group_4=&#8221;yes&#8221; right_padding_tablet=&#8221;20vw&#8221; left_padding_phone=&#8221;7vw&#8221; constrain_group_6=&#8221;yes&#8221; right_padding_phone=&#8221;7vw&#8221; text_color=&#8221;dark&#8221; text_align=&#8221;left&#8221; row_border_radius=&#8221;none&#8221; row_border_radius_applies=&#8221;bg&#8221; overflow=&#8221;visible&#8221; advanced_gradient_angle=&#8221;0&#8243; overlay_strength=&#8221;0.3&#8243; gradient_direction=&#8221;left_to_right&#8221;...","og_url":"https:\/\/www.biomediqa.com\/en\/biomediqa-group\/terms-of-use\/","og_site_name":"BIOMEDIQA GROUPE","article_publisher":"https:\/\/www.linkedin.com\/company\/biomediqa-groupe","article_modified_time":"2024-02-28T07:33:32+00:00","og_image":[{"width":720,"height":543,"url":"https:\/\/www.biomediqa.com\/wp-content\/uploads\/2023\/07\/1697553716089.jpg","type":"image\/jpeg"}],"twitter_card":"summary_large_image","twitter_misc":{"Est. reading time":"4 minutes"},"schema":{"@context":"https:\/\/schema.org","@graph":[{"@type":"WebPage","@id":"https:\/\/www.biomediqa.com\/en\/biomediqa-group\/terms-of-use\/","url":"https:\/\/www.biomediqa.com\/en\/biomediqa-group\/terms-of-use\/","name":"Terms of use - BIOMEDIQA GROUPE","isPartOf":{"@id":"https:\/\/www.biomediqa.com\/#website"},"datePublished":"2024-01-10T16:37:59+00:00","dateModified":"2024-02-28T07:33:32+00:00","breadcrumb":{"@id":"https:\/\/www.biomediqa.com\/en\/biomediqa-group\/terms-of-use\/#breadcrumb"},"inLanguage":"en-US","potentialAction":[{"@type":"ReadAction","target":["https:\/\/www.biomediqa.com\/en\/biomediqa-group\/terms-of-use\/"]}]},{"@type":"BreadcrumbList","@id":"https:\/\/www.biomediqa.com\/en\/biomediqa-group\/terms-of-use\/#breadcrumb","itemListElement":[{"@type":"ListItem","position":1,"name":"Accueil","item":"https:\/\/www.biomediqa.com\/en\/welcome\/"},{"@type":"ListItem","position":2,"name":"Biomediqa Groupe","item":"https:\/\/www.biomediqa.com\/en\/biomediqa-group\/"},{"@type":"ListItem","position":3,"name":"Terms of use"}]},{"@type":"WebSite","@id":"https:\/\/www.biomediqa.com\/#website","url":"https:\/\/www.biomediqa.com\/","name":"BIOMEDIQA GROUPE","description":"L&#039;innovation au service de la physique m\u00e9dicale et de la radioprotection","publisher":{"@id":"https:\/\/www.biomediqa.com\/#organization"},"alternateName":"Leader en Radioprotection, Physique M\u00e9dicale et Contr\u00f4le de Qualit\u00e9 Interne.","potentialAction":[{"@type":"SearchAction","target":{"@type":"EntryPoint","urlTemplate":"https:\/\/www.biomediqa.com\/?s={search_term_string}"},"query-input":{"@type":"PropertyValueSpecification","valueRequired":true,"valueName":"search_term_string"}}],"inLanguage":"en-US"},{"@type":"Organization","@id":"https:\/\/www.biomediqa.com\/#organization","name":"Leader en Radioprotection, Physique M\u00e9dicale et Contr\u00f4le de Qualit\u00e9 Interne. Radiologie, M\u00e9decine nucl\u00e9aire, Radiologie dentaire, Radioth\u00e9rapie, Innovation et R&D et formation.","alternateName":"BIOMEDIQA","url":"https:\/\/www.biomediqa.com\/","logo":{"@type":"ImageObject","inLanguage":"en-US","@id":"https:\/\/www.biomediqa.com\/#\/schema\/logo\/image\/","url":"https:\/\/www.biomediqa.com\/wp-content\/uploads\/2023\/10\/cropped-picto-biomediqa.png","contentUrl":"https:\/\/www.biomediqa.com\/wp-content\/uploads\/2023\/10\/cropped-picto-biomediqa.png","width":512,"height":512,"caption":"Leader en Radioprotection, Physique M\u00e9dicale et Contr\u00f4le de Qualit\u00e9 Interne. Radiologie, M\u00e9decine nucl\u00e9aire, Radiologie dentaire, Radioth\u00e9rapie, Innovation et R&D et formation."},"image":{"@id":"https:\/\/www.biomediqa.com\/#\/schema\/logo\/image\/"},"sameAs":["https:\/\/www.linkedin.com\/company\/biomediqa-groupe","https:\/\/www.youtube.com\/channel\/UCdF_3LWZbFEdt8-j2JrJGgg","https:\/\/www.instagram.com\/biomediqagroupe"]}]}},"_links":{"self":[{"href":"https:\/\/www.biomediqa.com\/en\/wp-json\/wp\/v2\/pages\/4156","targetHints":{"allow":["GET"]}}],"collection":[{"href":"https:\/\/www.biomediqa.com\/en\/wp-json\/wp\/v2\/pages"}],"about":[{"href":"https:\/\/www.biomediqa.com\/en\/wp-json\/wp\/v2\/types\/page"}],"author":[{"embeddable":true,"href":"https:\/\/www.biomediqa.com\/en\/wp-json\/wp\/v2\/users\/1"}],"replies":[{"embeddable":true,"href":"https:\/\/www.biomediqa.com\/en\/wp-json\/wp\/v2\/comments?post=4156"}],"version-history":[{"count":2,"href":"https:\/\/www.biomediqa.com\/en\/wp-json\/wp\/v2\/pages\/4156\/revisions"}],"predecessor-version":[{"id":4760,"href":"https:\/\/www.biomediqa.com\/en\/wp-json\/wp\/v2\/pages\/4156\/revisions\/4760"}],"up":[{"embeddable":true,"href":"https:\/\/www.biomediqa.com\/en\/wp-json\/wp\/v2\/pages\/4182"}],"wp:attachment":[{"href":"https:\/\/www.biomediqa.com\/en\/wp-json\/wp\/v2\/media?parent=4156"}],"curies":[{"name":"wp","href":"https:\/\/api.w.org\/{rel}","templated":true}]}}